{"id":9392,"date":"2021-12-08T15:01:47","date_gmt":"2021-12-08T15:01:47","guid":{"rendered":"https:\/\/zirgustallis.lv\/new\/product\/bernu-ziemas-cimdi-roeckl-kairi-2\/"},"modified":"2021-12-08T15:01:47","modified_gmt":"2021-12-08T15:01:47","slug":"bernu-ziemas-cimdi-roeckl-kairi-2","status":"publish","type":"product","link":"https:\/\/www.zirgustallis.lv\/en\/product\/bernu-ziemas-cimdi-roeckl-kairi-2\/","title":{"rendered":"B\u0113rnu ziemas cimdi Roeckl Kairi"},"content":{"rendered":"<p>&nbsp;4., 5., 6. izm\u0113rs. Fl\u012bsa cimdi ar m\u0101ksl\u012bg\u0101s \u0101das uz\u0161uv\u0113m uz plaukstas da\u013cas.&nbsp;<\/p>\n","protected":false},"excerpt":{"rendered":"<p>&nbsp;4., 5., 6. izm\u0113rs. Fl\u012bsa cimdi ar m\u0101ksl\u012bg\u0101s \u0101das uz\u0161uv\u0113m uz plaukstas da\u013cas.&nbsp;<\/p>\n","protected":false},"featured_media":9386,"template":"","meta":[],"product_brand":[],"product_cat":[3981],"product_tag":[],"class_list":{"0":"post-9392","1":"product","2":"type-product","3":"status-publish","4":"has-post-thumbnail","6":"product_cat-uncategorized-en","7":"pa_cimduizmers-4-en","8":"pa_cimduizmers-5-en","9":"pa_cimduizmers-6-en","11":"first","12":"onbackorder","13":"taxable","14":"shipping-taxable","15":"purchasable","16":"product-type-variable"},"_links":{"self":[{"href":"https:\/\/www.zirgustallis.lv\/en\/wp-json\/wp\/v2\/product\/9392","targetHints":{"allow":["GET"]}}],"collection":[{"href":"https:\/\/www.zirgustallis.lv\/en\/wp-json\/wp\/v2\/product"}],"about":[{"href":"https:\/\/www.zirgustallis.lv\/en\/wp-json\/wp\/v2\/types\/product"}],"version-history":[{"count":0,"href":"https:\/\/www.zirgustallis.lv\/en\/wp-json\/wp\/v2\/product\/9392\/revisions"}],"wp:featuredmedia":[{"embeddable":true,"href":"https:\/\/www.zirgustallis.lv\/en\/wp-json\/wp\/v2\/media\/9386"}],"wp:attachment":[{"href":"https:\/\/www.zirgustallis.lv\/en\/wp-json\/wp\/v2\/media?parent=9392"}],"wp:term":[{"taxonomy":"product_brand","embeddable":true,"href":"https:\/\/www.zirgustallis.lv\/en\/wp-json\/wp\/v2\/product_brand?post=9392"},{"taxonomy":"product_cat","embeddable":true,"href":"https:\/\/www.zirgustallis.lv\/en\/wp-json\/wp\/v2\/product_cat?post=9392"},{"taxonomy":"product_tag","embeddable":true,"href":"https:\/\/www.zirgustallis.lv\/en\/wp-json\/wp\/v2\/product_tag?post=9392"}],"curies":[{"name":"wp","href":"https:\/\/api.w.org\/{rel}","templated":true}]}}