{"id":6605,"date":"2021-07-07T13:26:35","date_gmt":"2021-07-07T13:26:35","guid":{"rendered":"https:\/\/zirgustallis.lv\/new\/product\/absorbine-showsheen-miracle-groom-losjons-2\/"},"modified":"2026-05-12T15:40:25","modified_gmt":"2026-05-12T12:40:25","slug":"absorbine-showsheen-miracle-groom-losjons-2","status":"publish","type":"product","link":"https:\/\/www.zirgustallis.lv\/en\/product\/absorbine-showsheen-miracle-groom-losjons-2\/","title":{"rendered":"Absorbine ShowSheen Miracle Groom losjons"},"content":{"rendered":"<p>Losjons traipu t\u012br\u012b\u0161anai, zirga kr\u0113pju, astes un spalvas kop\u0161anai<\/p>\n","protected":false},"excerpt":{"rendered":"<p>Losjons traipu t\u012br\u012b\u0161anai, zirga kr\u0113pju, astes un spalvas kop\u0161anai<\/p>\n","protected":false},"featured_media":6602,"template":"","meta":[],"product_brand":[],"product_cat":[96,104],"product_tag":[],"class_list":{"0":"post-6605","1":"product","2":"type-product","3":"status-publish","4":"has-post-thumbnail","6":"product_cat-detanglers-for-mane","7":"product_cat-shampoos-and-cleaning","9":"first","10":"outofstock","11":"taxable","12":"shipping-taxable","13":"purchasable","14":"product-type-simple"},"_links":{"self":[{"href":"https:\/\/www.zirgustallis.lv\/en\/wp-json\/wp\/v2\/product\/6605","targetHints":{"allow":["GET"]}}],"collection":[{"href":"https:\/\/www.zirgustallis.lv\/en\/wp-json\/wp\/v2\/product"}],"about":[{"href":"https:\/\/www.zirgustallis.lv\/en\/wp-json\/wp\/v2\/types\/product"}],"version-history":[{"count":1,"href":"https:\/\/www.zirgustallis.lv\/en\/wp-json\/wp\/v2\/product\/6605\/revisions"}],"predecessor-version":[{"id":59353,"href":"https:\/\/www.zirgustallis.lv\/en\/wp-json\/wp\/v2\/product\/6605\/revisions\/59353"}],"wp:featuredmedia":[{"embeddable":true,"href":"https:\/\/www.zirgustallis.lv\/en\/wp-json\/wp\/v2\/media\/6602"}],"wp:attachment":[{"href":"https:\/\/www.zirgustallis.lv\/en\/wp-json\/wp\/v2\/media?parent=6605"}],"wp:term":[{"taxonomy":"product_brand","embeddable":true,"href":"https:\/\/www.zirgustallis.lv\/en\/wp-json\/wp\/v2\/product_brand?post=6605"},{"taxonomy":"product_cat","embeddable":true,"href":"https:\/\/www.zirgustallis.lv\/en\/wp-json\/wp\/v2\/product_cat?post=6605"},{"taxonomy":"product_tag","embeddable":true,"href":"https:\/\/www.zirgustallis.lv\/en\/wp-json\/wp\/v2\/product_tag?post=6605"}],"curies":[{"name":"wp","href":"https:\/\/api.w.org\/{rel}","templated":true}]}}