{"id":6140,"date":"2021-03-30T17:39:49","date_gmt":"2021-03-30T17:39:49","guid":{"rendered":"https:\/\/zirgustallis.lv\/new\/product\/kask-dogma-light-black-aizsargkivere-2\/"},"modified":"2021-03-30T17:39:49","modified_gmt":"2021-03-30T17:39:49","slug":"kask-dogma-light-black-aizsargkivere-2","status":"publish","type":"product","link":"https:\/\/www.zirgustallis.lv\/en\/product\/kask-dogma-light-black-aizsargkivere-2\/","title":{"rendered":"KASK Dogma Light Black aizsarg\u0137ivere"},"content":{"rendered":"<p>54, 55, 56 izm\u0113ra aizsarg\u0137ivere<\/p>\n","protected":false},"excerpt":{"rendered":"<p>54, 55, 56 izm\u0113ra aizsarg\u0137ivere<\/p>\n","protected":false},"featured_media":6134,"template":"","meta":[],"product_brand":[],"product_cat":[55],"product_tag":[],"class_list":{"0":"post-6140","1":"product","2":"type-product","3":"status-publish","4":"has-post-thumbnail","6":"product_cat-aizsargkiveres-2","7":"pa_kiveresizmers-54cm-en","8":"pa_kiveresizmers-55cm-en","9":"pa_kiveresizmers-56cm-en","11":"first","12":"onbackorder","13":"taxable","14":"shipping-taxable","15":"purchasable","16":"product-type-variable"},"_links":{"self":[{"href":"https:\/\/www.zirgustallis.lv\/en\/wp-json\/wp\/v2\/product\/6140","targetHints":{"allow":["GET"]}}],"collection":[{"href":"https:\/\/www.zirgustallis.lv\/en\/wp-json\/wp\/v2\/product"}],"about":[{"href":"https:\/\/www.zirgustallis.lv\/en\/wp-json\/wp\/v2\/types\/product"}],"version-history":[{"count":0,"href":"https:\/\/www.zirgustallis.lv\/en\/wp-json\/wp\/v2\/product\/6140\/revisions"}],"wp:featuredmedia":[{"embeddable":true,"href":"https:\/\/www.zirgustallis.lv\/en\/wp-json\/wp\/v2\/media\/6134"}],"wp:attachment":[{"href":"https:\/\/www.zirgustallis.lv\/en\/wp-json\/wp\/v2\/media?parent=6140"}],"wp:term":[{"taxonomy":"product_brand","embeddable":true,"href":"https:\/\/www.zirgustallis.lv\/en\/wp-json\/wp\/v2\/product_brand?post=6140"},{"taxonomy":"product_cat","embeddable":true,"href":"https:\/\/www.zirgustallis.lv\/en\/wp-json\/wp\/v2\/product_cat?post=6140"},{"taxonomy":"product_tag","embeddable":true,"href":"https:\/\/www.zirgustallis.lv\/en\/wp-json\/wp\/v2\/product_tag?post=6140"}],"curies":[{"name":"wp","href":"https:\/\/api.w.org\/{rel}","templated":true}]}}