{"id":611,"date":"2016-08-25T19:12:42","date_gmt":"2016-08-25T19:12:42","guid":{"rendered":"https:\/\/zirgustallis.lv\/new\/product\/prosoft-kaju-sargi-2\/"},"modified":"2016-08-25T19:12:42","modified_gmt":"2016-08-25T19:12:42","slug":"prosoft-kaju-sargi-2","status":"publish","type":"product","link":"https:\/\/www.zirgustallis.lv\/en\/product\/prosoft-kaju-sargi-2\/","title":{"rendered":"ProSoft k\u0101ju sargi"},"content":{"rendered":"<p><span style=\"color: rgb(26, 23, 27); font-family: Arial, Helvetica, sans-serif; line-height: normal;\">Neopr\u0113na k\u0101ju sargi zirgam. Lieto gan uz priek\u0161k\u0101j\u0101m, gan paka\u013ck\u0101j\u0101m. Rekomend\u0113jam paka\u013ck\u0101j\u0101m izv\u0113l\u0113ties izm\u0113ru liel\u0101kus k\u0101ju sargus. Aizsarg\u0101 pret triecieniem, viegli kopjami. Iepakojum\u0101 2 gab. (p\u0101ris). 2. att\u0113l\u0101 redzamie zvani nagiem neietilpst cen\u0101.<\/span><\/p>\n","protected":false},"excerpt":{"rendered":"<p>Neopr\u0113na k\u0101ju sargi zirgam. Lieto gan uz priek\u0161k\u0101j\u0101m, gan paka\u013ck\u0101j\u0101m. Rekomend\u0113jam paka\u013ck\u0101j\u0101m izv\u0113l\u0113ties izm\u0113ru liel\u0101kus k\u0101ju sargus. Aizsarg\u0101 pret triecieniem, viegli kopjami. Iepakojum\u0101 2 gab. (p\u0101ris). 2. att\u0113l\u0101 redzamie zvani nagiem neietilpst cen\u0101.<\/p>\n","protected":false},"featured_media":0,"template":"","meta":[],"product_brand":[],"product_cat":[3981],"product_tag":[],"class_list":{"0":"post-611","1":"product","2":"type-product","3":"status-publish","5":"product_cat-uncategorized-en","6":"pa_izmers-l-en","7":"pa_izmers-m-en","8":"pa_izmers-s-en","9":"pa_izmers-xl-en","10":"pa_krasa-black","11":"pa_krasa-white","13":"first","14":"instock","15":"taxable","16":"shipping-taxable","17":"purchasable","18":"product-type-variable"},"_links":{"self":[{"href":"https:\/\/www.zirgustallis.lv\/en\/wp-json\/wp\/v2\/product\/611","targetHints":{"allow":["GET"]}}],"collection":[{"href":"https:\/\/www.zirgustallis.lv\/en\/wp-json\/wp\/v2\/product"}],"about":[{"href":"https:\/\/www.zirgustallis.lv\/en\/wp-json\/wp\/v2\/types\/product"}],"version-history":[{"count":0,"href":"https:\/\/www.zirgustallis.lv\/en\/wp-json\/wp\/v2\/product\/611\/revisions"}],"wp:attachment":[{"href":"https:\/\/www.zirgustallis.lv\/en\/wp-json\/wp\/v2\/media?parent=611"}],"wp:term":[{"taxonomy":"product_brand","embeddable":true,"href":"https:\/\/www.zirgustallis.lv\/en\/wp-json\/wp\/v2\/product_brand?post=611"},{"taxonomy":"product_cat","embeddable":true,"href":"https:\/\/www.zirgustallis.lv\/en\/wp-json\/wp\/v2\/product_cat?post=611"},{"taxonomy":"product_tag","embeddable":true,"href":"https:\/\/www.zirgustallis.lv\/en\/wp-json\/wp\/v2\/product_tag?post=611"}],"curies":[{"name":"wp","href":"https:\/\/api.w.org\/{rel}","templated":true}]}}