{"id":58764,"date":"2026-04-28T15:20:38","date_gmt":"2026-04-28T12:20:38","guid":{"rendered":"https:\/\/www.zirgustallis.lv\/?post_type=product&#038;p=58764"},"modified":"2026-04-28T15:21:18","modified_gmt":"2026-04-28T12:21:18","slug":"horse-guard-kumelu-apausi-handsome-boy","status":"publish","type":"product","link":"https:\/\/www.zirgustallis.lv\/en\/product\/horse-guard-kumelu-apausi-handsome-boy\/","title":{"rendered":"Horse Guard kume\u013cu apau\u0161i &#8220;Handsome boy&#8221;"},"content":{"rendered":"<p>Horse Guard kume\u013cu apau\u0161i gai\u0161i zil\u0101 kr\u0101s\u0101 ar uzrakstu &#8220;Handsome boy&#8221;<\/p>\n","protected":false},"excerpt":{"rendered":"<p>Horse Guard kume\u013cu apau\u0161i gai\u0161i zil\u0101 kr\u0101s\u0101 ar uzrakstu &#8220;Handsome boy&#8221;<\/p>\n","protected":false},"featured_media":58765,"template":"","meta":[],"product_brand":[],"product_cat":[295,349],"product_tag":[],"class_list":{"0":"post-58764","1":"product","2":"type-product","3":"status-publish","4":"has-post-thumbnail","6":"product_cat-apausi","7":"product_cat-apausi-un-izvedamas-pavadas","9":"first","10":"instock","11":"taxable","12":"shipping-taxable","13":"purchasable","14":"product-type-simple"},"_links":{"self":[{"href":"https:\/\/www.zirgustallis.lv\/en\/wp-json\/wp\/v2\/product\/58764","targetHints":{"allow":["GET"]}}],"collection":[{"href":"https:\/\/www.zirgustallis.lv\/en\/wp-json\/wp\/v2\/product"}],"about":[{"href":"https:\/\/www.zirgustallis.lv\/en\/wp-json\/wp\/v2\/types\/product"}],"version-history":[{"count":1,"href":"https:\/\/www.zirgustallis.lv\/en\/wp-json\/wp\/v2\/product\/58764\/revisions"}],"predecessor-version":[{"id":58767,"href":"https:\/\/www.zirgustallis.lv\/en\/wp-json\/wp\/v2\/product\/58764\/revisions\/58767"}],"wp:featuredmedia":[{"embeddable":true,"href":"https:\/\/www.zirgustallis.lv\/en\/wp-json\/wp\/v2\/media\/58765"}],"wp:attachment":[{"href":"https:\/\/www.zirgustallis.lv\/en\/wp-json\/wp\/v2\/media?parent=58764"}],"wp:term":[{"taxonomy":"product_brand","embeddable":true,"href":"https:\/\/www.zirgustallis.lv\/en\/wp-json\/wp\/v2\/product_brand?post=58764"},{"taxonomy":"product_cat","embeddable":true,"href":"https:\/\/www.zirgustallis.lv\/en\/wp-json\/wp\/v2\/product_cat?post=58764"},{"taxonomy":"product_tag","embeddable":true,"href":"https:\/\/www.zirgustallis.lv\/en\/wp-json\/wp\/v2\/product_tag?post=58764"}],"curies":[{"name":"wp","href":"https:\/\/api.w.org\/{rel}","templated":true}]}}