{"id":5620,"date":"2021-03-11T15:13:06","date_gmt":"2021-03-11T15:13:06","guid":{"rendered":"https:\/\/zirgustallis.lv\/new\/product\/animo-zekes-tropical-2\/"},"modified":"2021-03-11T15:13:06","modified_gmt":"2021-03-11T15:13:06","slug":"animo-zekes-tropical-2","status":"publish","type":"product","link":"https:\/\/www.zirgustallis.lv\/en\/product\/animo-zekes-tropical-2\/","title":{"rendered":"Animo ze\u0137es Tropical"},"content":{"rendered":"<p>It\u0101lij\u0101 ra\u017eotas unisex ze\u0137es tum\u0161i zil\u0101 kr\u0101s\u0101.<\/p>\n<p>\u0112rtas un elast\u012bgas. Uz stulma aug\u0161\u0113j\u0101s da\u013cas sa\u0161aurin\u0101juma firmas logo.<\/p>\n<p>Sast\u0101vs: poliam\u012bds 97%, elast\u0101ns 3%<\/p>\n","protected":false},"excerpt":{"rendered":"<p>It\u0101lij\u0101 ra\u017eotas unisex ze\u0137es tum\u0161i zil\u0101 kr\u0101s\u0101. \u0112rtas un elast\u012bgas. Uz stulma aug\u0161\u0113j\u0101s da\u013cas sa\u0161aurin\u0101juma firmas logo. Sast\u0101vs: poliam\u012bds 97%, elast\u0101ns 3%<\/p>\n","protected":false},"featured_media":5616,"template":"","meta":[],"product_brand":[],"product_cat":[372],"product_tag":[],"class_list":{"0":"post-5620","1":"product","2":"type-product","3":"status-publish","4":"has-post-thumbnail","6":"product_cat-zekes-jatniekam-2","8":"first","9":"instock","10":"taxable","11":"shipping-taxable","12":"purchasable","13":"product-type-variable"},"_links":{"self":[{"href":"https:\/\/www.zirgustallis.lv\/en\/wp-json\/wp\/v2\/product\/5620","targetHints":{"allow":["GET"]}}],"collection":[{"href":"https:\/\/www.zirgustallis.lv\/en\/wp-json\/wp\/v2\/product"}],"about":[{"href":"https:\/\/www.zirgustallis.lv\/en\/wp-json\/wp\/v2\/types\/product"}],"version-history":[{"count":0,"href":"https:\/\/www.zirgustallis.lv\/en\/wp-json\/wp\/v2\/product\/5620\/revisions"}],"wp:featuredmedia":[{"embeddable":true,"href":"https:\/\/www.zirgustallis.lv\/en\/wp-json\/wp\/v2\/media\/5616"}],"wp:attachment":[{"href":"https:\/\/www.zirgustallis.lv\/en\/wp-json\/wp\/v2\/media?parent=5620"}],"wp:term":[{"taxonomy":"product_brand","embeddable":true,"href":"https:\/\/www.zirgustallis.lv\/en\/wp-json\/wp\/v2\/product_brand?post=5620"},{"taxonomy":"product_cat","embeddable":true,"href":"https:\/\/www.zirgustallis.lv\/en\/wp-json\/wp\/v2\/product_cat?post=5620"},{"taxonomy":"product_tag","embeddable":true,"href":"https:\/\/www.zirgustallis.lv\/en\/wp-json\/wp\/v2\/product_tag?post=5620"}],"curies":[{"name":"wp","href":"https:\/\/api.w.org\/{rel}","templated":true}]}}