{"id":53321,"date":"2025-12-29T14:21:22","date_gmt":"2025-12-29T11:21:22","guid":{"rendered":"https:\/\/www.zirgustallis.lv\/?post_type=product&#038;p=53321"},"modified":"2025-12-29T14:21:23","modified_gmt":"2025-12-29T11:21:23","slug":"freejump-voronoi-carbon-aizsargkivere","status":"publish","type":"product","link":"https:\/\/www.zirgustallis.lv\/en\/product\/freejump-voronoi-carbon-aizsargkivere\/","title":{"rendered":"Freejump Vorono\u00ef carbon aizsarg\u0137ivere"},"content":{"rendered":"","protected":false},"excerpt":{"rendered":"<p>S izm\u0113rs, kas regul\u0113jas ar oderes pal\u012bdz\u012bbu. Komplekt\u0101 deta\u013ca, kas pievienojama \u0137iverei un aizsarg\u0101 galvu auss zon\u0101.<\/p>\n","protected":false},"featured_media":53322,"template":"","meta":[],"product_brand":[],"product_cat":[54,319],"product_tag":[],"class_list":{"0":"post-53321","1":"product","2":"type-product","3":"status-publish","4":"has-post-thumbnail","6":"product_cat-aizsargkiveres","7":"product_cat-jatniekam","9":"first","10":"instock","11":"taxable","12":"shipping-taxable","13":"purchasable","14":"product-type-simple"},"_links":{"self":[{"href":"https:\/\/www.zirgustallis.lv\/en\/wp-json\/wp\/v2\/product\/53321","targetHints":{"allow":["GET"]}}],"collection":[{"href":"https:\/\/www.zirgustallis.lv\/en\/wp-json\/wp\/v2\/product"}],"about":[{"href":"https:\/\/www.zirgustallis.lv\/en\/wp-json\/wp\/v2\/types\/product"}],"version-history":[{"count":1,"href":"https:\/\/www.zirgustallis.lv\/en\/wp-json\/wp\/v2\/product\/53321\/revisions"}],"predecessor-version":[{"id":53326,"href":"https:\/\/www.zirgustallis.lv\/en\/wp-json\/wp\/v2\/product\/53321\/revisions\/53326"}],"wp:featuredmedia":[{"embeddable":true,"href":"https:\/\/www.zirgustallis.lv\/en\/wp-json\/wp\/v2\/media\/53322"}],"wp:attachment":[{"href":"https:\/\/www.zirgustallis.lv\/en\/wp-json\/wp\/v2\/media?parent=53321"}],"wp:term":[{"taxonomy":"product_brand","embeddable":true,"href":"https:\/\/www.zirgustallis.lv\/en\/wp-json\/wp\/v2\/product_brand?post=53321"},{"taxonomy":"product_cat","embeddable":true,"href":"https:\/\/www.zirgustallis.lv\/en\/wp-json\/wp\/v2\/product_cat?post=53321"},{"taxonomy":"product_tag","embeddable":true,"href":"https:\/\/www.zirgustallis.lv\/en\/wp-json\/wp\/v2\/product_tag?post=53321"}],"curies":[{"name":"wp","href":"https:\/\/api.w.org\/{rel}","templated":true}]}}