{"id":53139,"date":"2025-12-19T13:59:43","date_gmt":"2025-12-19T10:59:43","guid":{"rendered":"https:\/\/www.zirgustallis.lv\/?post_type=product&#038;p=53139"},"modified":"2026-03-09T17:35:26","modified_gmt":"2026-03-09T14:35:26","slug":"eskadron-sparkle-dynamic-apausi","status":"publish","type":"product","link":"https:\/\/www.zirgustallis.lv\/en\/product\/eskadron-sparkle-dynamic-apausi\/","title":{"rendered":"Eskadron Sparkle Dynamic apau\u0161i"},"content":{"rendered":"<p>Melni sp\u012bd\u012bgi apau\u0161i<\/p>\n","protected":false},"excerpt":{"rendered":"<p>Melni sp\u012bd\u012bgi apau\u0161i<\/p>\n","protected":false},"featured_media":53140,"template":"","meta":[],"product_brand":[],"product_cat":[295],"product_tag":[],"class_list":{"0":"post-53139","1":"product","2":"type-product","3":"status-publish","4":"has-post-thumbnail","6":"product_cat-apausi","7":"pa_izmers-cob","8":"pa_izmers-full","9":"pa_izmers-x_full","11":"first","12":"instock","13":"taxable","14":"shipping-taxable","15":"purchasable","16":"product-type-variable"},"_links":{"self":[{"href":"https:\/\/www.zirgustallis.lv\/en\/wp-json\/wp\/v2\/product\/53139","targetHints":{"allow":["GET"]}}],"collection":[{"href":"https:\/\/www.zirgustallis.lv\/en\/wp-json\/wp\/v2\/product"}],"about":[{"href":"https:\/\/www.zirgustallis.lv\/en\/wp-json\/wp\/v2\/types\/product"}],"version-history":[{"count":1,"href":"https:\/\/www.zirgustallis.lv\/en\/wp-json\/wp\/v2\/product\/53139\/revisions"}],"predecessor-version":[{"id":53143,"href":"https:\/\/www.zirgustallis.lv\/en\/wp-json\/wp\/v2\/product\/53139\/revisions\/53143"}],"wp:featuredmedia":[{"embeddable":true,"href":"https:\/\/www.zirgustallis.lv\/en\/wp-json\/wp\/v2\/media\/53140"}],"wp:attachment":[{"href":"https:\/\/www.zirgustallis.lv\/en\/wp-json\/wp\/v2\/media?parent=53139"}],"wp:term":[{"taxonomy":"product_brand","embeddable":true,"href":"https:\/\/www.zirgustallis.lv\/en\/wp-json\/wp\/v2\/product_brand?post=53139"},{"taxonomy":"product_cat","embeddable":true,"href":"https:\/\/www.zirgustallis.lv\/en\/wp-json\/wp\/v2\/product_cat?post=53139"},{"taxonomy":"product_tag","embeddable":true,"href":"https:\/\/www.zirgustallis.lv\/en\/wp-json\/wp\/v2\/product_tag?post=53139"}],"curies":[{"name":"wp","href":"https:\/\/api.w.org\/{rel}","templated":true}]}}