{"id":49813,"date":"2025-09-19T13:07:28","date_gmt":"2025-09-19T10:07:28","guid":{"rendered":"https:\/\/www.zirgustallis.lv\/?post_type=product&#038;p=49813"},"modified":"2025-09-19T13:07:30","modified_gmt":"2025-09-19T10:07:30","slug":"samshield-eileen-sacensibu-krekls","status":"publish","type":"product","link":"https:\/\/www.zirgustallis.lv\/en\/product\/samshield-eileen-sacensibu-krekls\/","title":{"rendered":"Samshield Eileen sacens\u012bbu krekls"},"content":{"rendered":"<p>Samshiel Eileen \u0113rts, elpojo\u0161s sacens\u012bbu krekls<\/p>\n","protected":false},"excerpt":{"rendered":"<p>Samshiel Eileen \u0113rts, elpojo\u0161s sacens\u012bbu krekls<\/p>\n","protected":false},"featured_media":49814,"template":"","meta":[],"product_brand":[],"product_cat":[74],"product_tag":[],"class_list":{"0":"post-49813","1":"product","2":"type-product","3":"status-publish","4":"has-post-thumbnail","6":"product_cat-bluzes-un-krekli","7":"pa_izmers-m-2","8":"pa_izmers-l","9":"pa_krasa-balta","10":"pa_krasa-tumsizila","12":"first","13":"instock","14":"taxable","15":"shipping-taxable","16":"purchasable","17":"product-type-variable"},"_links":{"self":[{"href":"https:\/\/www.zirgustallis.lv\/en\/wp-json\/wp\/v2\/product\/49813","targetHints":{"allow":["GET"]}}],"collection":[{"href":"https:\/\/www.zirgustallis.lv\/en\/wp-json\/wp\/v2\/product"}],"about":[{"href":"https:\/\/www.zirgustallis.lv\/en\/wp-json\/wp\/v2\/types\/product"}],"version-history":[{"count":1,"href":"https:\/\/www.zirgustallis.lv\/en\/wp-json\/wp\/v2\/product\/49813\/revisions"}],"predecessor-version":[{"id":49826,"href":"https:\/\/www.zirgustallis.lv\/en\/wp-json\/wp\/v2\/product\/49813\/revisions\/49826"}],"wp:featuredmedia":[{"embeddable":true,"href":"https:\/\/www.zirgustallis.lv\/en\/wp-json\/wp\/v2\/media\/49814"}],"wp:attachment":[{"href":"https:\/\/www.zirgustallis.lv\/en\/wp-json\/wp\/v2\/media?parent=49813"}],"wp:term":[{"taxonomy":"product_brand","embeddable":true,"href":"https:\/\/www.zirgustallis.lv\/en\/wp-json\/wp\/v2\/product_brand?post=49813"},{"taxonomy":"product_cat","embeddable":true,"href":"https:\/\/www.zirgustallis.lv\/en\/wp-json\/wp\/v2\/product_cat?post=49813"},{"taxonomy":"product_tag","embeddable":true,"href":"https:\/\/www.zirgustallis.lv\/en\/wp-json\/wp\/v2\/product_tag?post=49813"}],"curies":[{"name":"wp","href":"https:\/\/api.w.org\/{rel}","templated":true}]}}