{"id":48226,"date":"2025-06-16T12:54:42","date_gmt":"2025-06-16T12:54:42","guid":{"rendered":"https:\/\/www.zirgustallis.lv\/?post_type=product&#038;p=48226"},"modified":"2025-06-16T12:54:43","modified_gmt":"2025-06-16T12:54:43","slug":"premier-equine-dzesejosie-kajsargi","status":"publish","type":"product","link":"https:\/\/www.zirgustallis.lv\/en\/product\/premier-equine-dzesejosie-kajsargi\/","title":{"rendered":"Premier Equine dzes\u0113jo\u0161ie k\u0101jsargi"},"content":{"rendered":"","protected":false},"excerpt":{"rendered":"<p>Premier Equine dzes\u0113\u0161anas k\u0101jsargi, \u012bpa\u0161i izstr\u0101d\u0101ti, lai efekt\u012bvi un \u0113rti atdzes\u0113tu zirga k\u0101jas p\u0113c slodzes vai traumas gad\u012bjum\u0101.<\/p>\n","protected":false},"featured_media":48239,"template":"","meta":[],"product_brand":[],"product_cat":[40,24,339],"product_tag":[],"class_list":{"0":"post-48226","1":"product","2":"type-product","3":"status-publish","4":"has-post-thumbnail","6":"product_cat-kaju-aizsargi","7":"product_cat-zirglietas","8":"product_cat-kaju-aizsardziba","10":"first","11":"instock","12":"taxable","13":"shipping-taxable","14":"purchasable","15":"product-type-variable"},"_links":{"self":[{"href":"https:\/\/www.zirgustallis.lv\/en\/wp-json\/wp\/v2\/product\/48226","targetHints":{"allow":["GET"]}}],"collection":[{"href":"https:\/\/www.zirgustallis.lv\/en\/wp-json\/wp\/v2\/product"}],"about":[{"href":"https:\/\/www.zirgustallis.lv\/en\/wp-json\/wp\/v2\/types\/product"}],"version-history":[{"count":0,"href":"https:\/\/www.zirgustallis.lv\/en\/wp-json\/wp\/v2\/product\/48226\/revisions"}],"wp:featuredmedia":[{"embeddable":true,"href":"https:\/\/www.zirgustallis.lv\/en\/wp-json\/wp\/v2\/media\/48239"}],"wp:attachment":[{"href":"https:\/\/www.zirgustallis.lv\/en\/wp-json\/wp\/v2\/media?parent=48226"}],"wp:term":[{"taxonomy":"product_brand","embeddable":true,"href":"https:\/\/www.zirgustallis.lv\/en\/wp-json\/wp\/v2\/product_brand?post=48226"},{"taxonomy":"product_cat","embeddable":true,"href":"https:\/\/www.zirgustallis.lv\/en\/wp-json\/wp\/v2\/product_cat?post=48226"},{"taxonomy":"product_tag","embeddable":true,"href":"https:\/\/www.zirgustallis.lv\/en\/wp-json\/wp\/v2\/product_tag?post=48226"}],"curies":[{"name":"wp","href":"https:\/\/api.w.org\/{rel}","templated":true}]}}