{"id":48124,"date":"2025-06-11T11:51:57","date_gmt":"2025-06-11T11:51:57","guid":{"rendered":"https:\/\/www.zirgustallis.lv\/?post_type=product&#038;p=48124"},"modified":"2025-06-11T11:51:58","modified_gmt":"2025-06-11T11:51:58","slug":"skerslu-turetajs","status":"publish","type":"product","link":"https:\/\/www.zirgustallis.lv\/en\/product\/skerslu-turetajs\/","title":{"rendered":"\u0160\u0137\u0113r\u0161\u013cu tur\u0113t\u0101js"},"content":{"rendered":"","protected":false},"excerpt":{"rendered":"","protected":false},"featured_media":48125,"template":"","meta":[],"product_brand":[],"product_cat":[131,24,337,357],"product_tag":[],"class_list":{"0":"post-48124","1":"product","2":"type-product","3":"status-publish","4":"has-post-thumbnail","6":"product_cat-pakaramie-un-stativi","7":"product_cat-zirglietas","8":"product_cat-stalla-un-kaleja-piederumi","9":"product_cat-trenina-un-kordosanas-piederumi","11":"first","12":"instock","13":"taxable","14":"shipping-taxable","15":"purchasable","16":"product-type-simple"},"_links":{"self":[{"href":"https:\/\/www.zirgustallis.lv\/en\/wp-json\/wp\/v2\/product\/48124","targetHints":{"allow":["GET"]}}],"collection":[{"href":"https:\/\/www.zirgustallis.lv\/en\/wp-json\/wp\/v2\/product"}],"about":[{"href":"https:\/\/www.zirgustallis.lv\/en\/wp-json\/wp\/v2\/types\/product"}],"version-history":[{"count":0,"href":"https:\/\/www.zirgustallis.lv\/en\/wp-json\/wp\/v2\/product\/48124\/revisions"}],"wp:featuredmedia":[{"embeddable":true,"href":"https:\/\/www.zirgustallis.lv\/en\/wp-json\/wp\/v2\/media\/48125"}],"wp:attachment":[{"href":"https:\/\/www.zirgustallis.lv\/en\/wp-json\/wp\/v2\/media?parent=48124"}],"wp:term":[{"taxonomy":"product_brand","embeddable":true,"href":"https:\/\/www.zirgustallis.lv\/en\/wp-json\/wp\/v2\/product_brand?post=48124"},{"taxonomy":"product_cat","embeddable":true,"href":"https:\/\/www.zirgustallis.lv\/en\/wp-json\/wp\/v2\/product_cat?post=48124"},{"taxonomy":"product_tag","embeddable":true,"href":"https:\/\/www.zirgustallis.lv\/en\/wp-json\/wp\/v2\/product_tag?post=48124"}],"curies":[{"name":"wp","href":"https:\/\/api.w.org\/{rel}","templated":true}]}}