{"id":48084,"date":"2025-06-09T10:55:05","date_gmt":"2025-06-09T10:55:05","guid":{"rendered":"https:\/\/www.zirgustallis.lv\/?post_type=product&#038;p=48084"},"modified":"2026-02-21T15:55:53","modified_gmt":"2026-02-21T12:55:53","slug":"cepure-stars-stripes-wyoming","status":"publish","type":"product","link":"https:\/\/www.zirgustallis.lv\/en\/product\/cepure-stars-stripes-wyoming\/","title":{"rendered":"Cepure Stars&#038; Stripes Wyoming"},"content":{"rendered":"","protected":false},"excerpt":{"rendered":"<p>Kvalitat\u012bva dab\u012bg\u0101s vilnas (filca) cepure.<\/p>\n","protected":false},"featured_media":48093,"template":"","meta":[],"product_brand":[],"product_cat":[143,380],"product_tag":[],"class_list":{"0":"post-48084","1":"product","2":"type-product","3":"status-publish","4":"has-post-thumbnail","6":"product_cat-cepures","7":"product_cat-vesterns-un-klasiskais-stils","8":"pa_cepuresizmers-55-bruna","9":"pa_cepuresizmers-56-bruna","10":"pa_cepuresizmers-56-melna","11":"pa_cepuresizmers-57-bruna","12":"pa_cepuresizmers-58-bruna","13":"pa_cepuresizmers-58-melna","14":"pa_cepuresizmers-59-melna","15":"pa_cepuresizmers-60-melna","17":"first","18":"instock","19":"taxable","20":"shipping-taxable","21":"purchasable","22":"product-type-variable"},"_links":{"self":[{"href":"https:\/\/www.zirgustallis.lv\/en\/wp-json\/wp\/v2\/product\/48084","targetHints":{"allow":["GET"]}}],"collection":[{"href":"https:\/\/www.zirgustallis.lv\/en\/wp-json\/wp\/v2\/product"}],"about":[{"href":"https:\/\/www.zirgustallis.lv\/en\/wp-json\/wp\/v2\/types\/product"}],"version-history":[{"count":1,"href":"https:\/\/www.zirgustallis.lv\/en\/wp-json\/wp\/v2\/product\/48084\/revisions"}],"predecessor-version":[{"id":53179,"href":"https:\/\/www.zirgustallis.lv\/en\/wp-json\/wp\/v2\/product\/48084\/revisions\/53179"}],"wp:featuredmedia":[{"embeddable":true,"href":"https:\/\/www.zirgustallis.lv\/en\/wp-json\/wp\/v2\/media\/48093"}],"wp:attachment":[{"href":"https:\/\/www.zirgustallis.lv\/en\/wp-json\/wp\/v2\/media?parent=48084"}],"wp:term":[{"taxonomy":"product_brand","embeddable":true,"href":"https:\/\/www.zirgustallis.lv\/en\/wp-json\/wp\/v2\/product_brand?post=48084"},{"taxonomy":"product_cat","embeddable":true,"href":"https:\/\/www.zirgustallis.lv\/en\/wp-json\/wp\/v2\/product_cat?post=48084"},{"taxonomy":"product_tag","embeddable":true,"href":"https:\/\/www.zirgustallis.lv\/en\/wp-json\/wp\/v2\/product_tag?post=48084"}],"curies":[{"name":"wp","href":"https:\/\/api.w.org\/{rel}","templated":true}]}}