{"id":46551,"date":"2025-03-31T12:59:11","date_gmt":"2025-03-31T12:59:11","guid":{"rendered":"https:\/\/www.zirgustallis.lv\/?post_type=product&#038;p=46551"},"modified":"2025-03-31T12:59:12","modified_gmt":"2025-03-31T12:59:12","slug":"passier-starlight-iemaukti","status":"publish","type":"product","link":"https:\/\/www.zirgustallis.lv\/en\/product\/passier-starlight-iemaukti\/","title":{"rendered":"Passier Starlight iemaukti"},"content":{"rendered":"","protected":false},"excerpt":{"rendered":"<p>Passier iemaukti ar lak\u0101das purna siksnu un krist\u0101liem kl\u0101tu pieres siksnu.<\/p>\n","protected":false},"featured_media":46555,"template":"","meta":[],"product_brand":[],"product_cat":[246,28,24,317],"product_tag":[],"class_list":{"0":"post-46551","1":"product","2":"type-product","3":"status-publish","4":"has-post-thumbnail","6":"product_cat-full","7":"product_cat-iemaukti","8":"product_cat-zirglietas","9":"product_cat-iemaukti-un-piederumi","10":"pa_iemauktuizmers-full","12":"first","13":"instock","14":"taxable","15":"shipping-taxable","16":"purchasable","17":"product-type-variable"},"_links":{"self":[{"href":"https:\/\/www.zirgustallis.lv\/en\/wp-json\/wp\/v2\/product\/46551","targetHints":{"allow":["GET"]}}],"collection":[{"href":"https:\/\/www.zirgustallis.lv\/en\/wp-json\/wp\/v2\/product"}],"about":[{"href":"https:\/\/www.zirgustallis.lv\/en\/wp-json\/wp\/v2\/types\/product"}],"version-history":[{"count":0,"href":"https:\/\/www.zirgustallis.lv\/en\/wp-json\/wp\/v2\/product\/46551\/revisions"}],"wp:featuredmedia":[{"embeddable":true,"href":"https:\/\/www.zirgustallis.lv\/en\/wp-json\/wp\/v2\/media\/46555"}],"wp:attachment":[{"href":"https:\/\/www.zirgustallis.lv\/en\/wp-json\/wp\/v2\/media?parent=46551"}],"wp:term":[{"taxonomy":"product_brand","embeddable":true,"href":"https:\/\/www.zirgustallis.lv\/en\/wp-json\/wp\/v2\/product_brand?post=46551"},{"taxonomy":"product_cat","embeddable":true,"href":"https:\/\/www.zirgustallis.lv\/en\/wp-json\/wp\/v2\/product_cat?post=46551"},{"taxonomy":"product_tag","embeddable":true,"href":"https:\/\/www.zirgustallis.lv\/en\/wp-json\/wp\/v2\/product_tag?post=46551"}],"curies":[{"name":"wp","href":"https:\/\/api.w.org\/{rel}","templated":true}]}}