{"id":4637,"date":"2021-02-16T14:25:39","date_gmt":"2021-02-16T14:25:39","guid":{"rendered":"https:\/\/zirgustallis.lv\/new\/product\/pikeur-bridzas-rhania-2\/"},"modified":"2021-02-16T14:25:39","modified_gmt":"2021-02-16T14:25:39","slug":"pikeur-bridzas-rhania-2","status":"publish","type":"product","link":"https:\/\/www.zirgustallis.lv\/en\/product\/pikeur-bridzas-rhania-2\/","title":{"rendered":"Pikeur brid\u017eas Rhania"},"content":{"rendered":"<p>Augstas kvalit\u0101tes brid\u017eas valriekstu kr\u0101s\u0101. Vid\u0113js viduk\u013ca augstums, aizdare ar div\u0101m aiz\u0101\u0137\u0113jam\u0101m pog\u0101m.<\/p>\n<p>Siltuma izol\u0101cija, uzglab\u0101jot \u0137erme\u0146a siltumu. Oks\u012bda piedeva, kas integr\u0113ta dzij\u0101, un kafijas pupi\u0146u da\u013ci\u0146as poliam\u012bda \u0161\u0137iedr\u0101.<\/p>\n<p>Piem\u012bt antibakteri\u0101las un arom\u0101tu absorb\u0113jo\u0161as \u012bpa\u0161\u012bbas. Temperat\u016bras regul\u0113\u0161anas funkcija.<\/p>\n<p>Videi draudz\u012bgs un sertific\u0113ts audums.<\/p>\n<p>S\u0101nu kabata ar r\u0101v\u0113jsl\u0113dz\u0113ju mobilajam t\u0101lrunim.<\/p>\n<p><\/p>\n","protected":false},"excerpt":{"rendered":"<p>Augstas kvalit\u0101tes brid\u017eas valriekstu kr\u0101s\u0101. Vid\u0113js viduk\u013ca augstums, aizdare ar div\u0101m aiz\u0101\u0137\u0113jam\u0101m pog\u0101m. Siltuma izol\u0101cija, uzglab\u0101jot \u0137erme\u0146a siltumu. Oks\u012bda piedeva, kas integr\u0113ta dzij\u0101, un kafijas pupi\u0146u da\u013ci\u0146as poliam\u012bda \u0161\u0137iedr\u0101. Piem\u012bt antibakteri\u0101las un arom\u0101tu absorb\u0113jo\u0161as \u012bpa\u0161\u012bbas. Temperat\u016bras regul\u0113\u0161anas funkcija. Videi draudz\u012bgs un sertific\u0113ts audums. S\u0101nu kabata ar r\u0101v\u0113jsl\u0113dz\u0113ju mobilajam t\u0101lrunim.<\/p>\n","protected":false},"featured_media":4630,"template":"","meta":[],"product_brand":[],"product_cat":[342],"product_tag":[],"class_list":{"0":"post-4637","1":"product","2":"type-product","3":"status-publish","4":"has-post-thumbnail","6":"product_cat-bridzas-jatniekam-2","7":"pa_apgerbaizmers-36-en","8":"pa_apgerbaizmers-42-en","10":"first","11":"onbackorder","12":"taxable","13":"shipping-taxable","14":"purchasable","15":"product-type-variable"},"_links":{"self":[{"href":"https:\/\/www.zirgustallis.lv\/en\/wp-json\/wp\/v2\/product\/4637","targetHints":{"allow":["GET"]}}],"collection":[{"href":"https:\/\/www.zirgustallis.lv\/en\/wp-json\/wp\/v2\/product"}],"about":[{"href":"https:\/\/www.zirgustallis.lv\/en\/wp-json\/wp\/v2\/types\/product"}],"version-history":[{"count":0,"href":"https:\/\/www.zirgustallis.lv\/en\/wp-json\/wp\/v2\/product\/4637\/revisions"}],"wp:featuredmedia":[{"embeddable":true,"href":"https:\/\/www.zirgustallis.lv\/en\/wp-json\/wp\/v2\/media\/4630"}],"wp:attachment":[{"href":"https:\/\/www.zirgustallis.lv\/en\/wp-json\/wp\/v2\/media?parent=4637"}],"wp:term":[{"taxonomy":"product_brand","embeddable":true,"href":"https:\/\/www.zirgustallis.lv\/en\/wp-json\/wp\/v2\/product_brand?post=4637"},{"taxonomy":"product_cat","embeddable":true,"href":"https:\/\/www.zirgustallis.lv\/en\/wp-json\/wp\/v2\/product_cat?post=4637"},{"taxonomy":"product_tag","embeddable":true,"href":"https:\/\/www.zirgustallis.lv\/en\/wp-json\/wp\/v2\/product_tag?post=4637"}],"curies":[{"name":"wp","href":"https:\/\/api.w.org\/{rel}","templated":true}]}}