{"id":4429,"date":"2021-01-26T16:18:58","date_gmt":"2021-01-26T16:18:58","guid":{"rendered":"https:\/\/zirgustallis.lv\/new\/product\/stars-stripes-sieviesu-krekls-larissa-2\/"},"modified":"2021-01-26T16:18:58","modified_gmt":"2021-01-26T16:18:58","slug":"stars-stripes-sieviesu-krekls-larissa-2","status":"publish","type":"product","link":"https:\/\/www.zirgustallis.lv\/en\/product\/stars-stripes-sieviesu-krekls-larissa-2\/","title":{"rendered":"Stars &#038; Stripes sievie\u0161u krekls Larissa"},"content":{"rendered":"<p>Kvalitat\u012bvs kokvilnas krekls ar \u012bsam piedurkn\u0113m.<\/p>\n<p>Bordo kr\u0101sas dekorat\u012bvi iz\u0161uvumi un rub\u012bnsarkanas spiedpogas.<\/p>\n<p>100% kokvilna.<\/p>\n","protected":false},"excerpt":{"rendered":"<p>Kvalitat\u012bvs kokvilnas krekls ar \u012bsam piedurkn\u0113m. Bordo kr\u0101sas dekorat\u012bvi iz\u0161uvumi un rub\u012bnsarkanas spiedpogas. 100% kokvilna.<\/p>\n","protected":false},"featured_media":4422,"template":"","meta":[],"product_brand":[],"product_cat":[181],"product_tag":[],"class_list":{"0":"post-4429","1":"product","2":"type-product","3":"status-publish","4":"has-post-thumbnail","6":"product_cat-western-shirts","7":"pa_apgerbaizmers-m-en","8":"pa_apgerbaizmers-s-en","10":"first","11":"onbackorder","12":"taxable","13":"shipping-taxable","14":"purchasable","15":"product-type-variable"},"_links":{"self":[{"href":"https:\/\/www.zirgustallis.lv\/en\/wp-json\/wp\/v2\/product\/4429","targetHints":{"allow":["GET"]}}],"collection":[{"href":"https:\/\/www.zirgustallis.lv\/en\/wp-json\/wp\/v2\/product"}],"about":[{"href":"https:\/\/www.zirgustallis.lv\/en\/wp-json\/wp\/v2\/types\/product"}],"version-history":[{"count":0,"href":"https:\/\/www.zirgustallis.lv\/en\/wp-json\/wp\/v2\/product\/4429\/revisions"}],"wp:featuredmedia":[{"embeddable":true,"href":"https:\/\/www.zirgustallis.lv\/en\/wp-json\/wp\/v2\/media\/4422"}],"wp:attachment":[{"href":"https:\/\/www.zirgustallis.lv\/en\/wp-json\/wp\/v2\/media?parent=4429"}],"wp:term":[{"taxonomy":"product_brand","embeddable":true,"href":"https:\/\/www.zirgustallis.lv\/en\/wp-json\/wp\/v2\/product_brand?post=4429"},{"taxonomy":"product_cat","embeddable":true,"href":"https:\/\/www.zirgustallis.lv\/en\/wp-json\/wp\/v2\/product_cat?post=4429"},{"taxonomy":"product_tag","embeddable":true,"href":"https:\/\/www.zirgustallis.lv\/en\/wp-json\/wp\/v2\/product_tag?post=4429"}],"curies":[{"name":"wp","href":"https:\/\/api.w.org\/{rel}","templated":true}]}}