{"id":4418,"date":"2021-01-26T16:03:09","date_gmt":"2021-01-26T16:03:09","guid":{"rendered":"https:\/\/zirgustallis.lv\/new\/product\/stars-stripes-sieviesu-krekls-josie-2\/"},"modified":"2021-01-26T16:03:09","modified_gmt":"2021-01-26T16:03:09","slug":"stars-stripes-sieviesu-krekls-josie-2","status":"publish","type":"product","link":"https:\/\/www.zirgustallis.lv\/en\/product\/stars-stripes-sieviesu-krekls-josie-2\/","title":{"rendered":"Stars &#038; Stripes sievie\u0161u krekls Josie"},"content":{"rendered":"<p>Kvalitat\u012bvs un viegls krekls ar \u012bs\u0101m piedurkn\u0113m.&nbsp;<\/p>\n<p>Sat\u012bna ielaidumi apkakles un aizdares da\u013c\u0101. Kr\u016b\u0161u kabati\u0146as.<\/p>\n<p>Tematiski iz\u0161uvumi priek\u0161\u0113j\u0101 un muguras da\u013c\u0101.&nbsp;<\/p>\n<p>Melnas, mat\u0113tas spiedpogas.<\/p>\n<p>100% kokvilna.<\/p>\n<p>Pieska\u0146ots v\u012brie\u0161u krekla modelim Jeff.<\/p>\n","protected":false},"excerpt":{"rendered":"<p>Kvalitat\u012bvs un viegls krekls ar \u012bs\u0101m piedurkn\u0113m.&nbsp; Sat\u012bna ielaidumi apkakles un aizdares da\u013c\u0101. Kr\u016b\u0161u kabati\u0146as. Tematiski iz\u0161uvumi priek\u0161\u0113j\u0101 un muguras da\u013c\u0101.&nbsp; Melnas, mat\u0113tas spiedpogas. 100% kokvilna. Pieska\u0146ots v\u012brie\u0161u krekla modelim Jeff.<\/p>\n","protected":false},"featured_media":4410,"template":"","meta":[],"product_brand":[],"product_cat":[181],"product_tag":[],"class_list":{"0":"post-4418","1":"product","2":"type-product","3":"status-publish","4":"has-post-thumbnail","6":"product_cat-western-shirts","7":"pa_apgerbaizmers-m-en","8":"pa_apgerbaizmers-s-en","9":"pa_apgerbaizmers-xxl-en","11":"first","12":"onbackorder","13":"taxable","14":"shipping-taxable","15":"purchasable","16":"product-type-variable"},"_links":{"self":[{"href":"https:\/\/www.zirgustallis.lv\/en\/wp-json\/wp\/v2\/product\/4418","targetHints":{"allow":["GET"]}}],"collection":[{"href":"https:\/\/www.zirgustallis.lv\/en\/wp-json\/wp\/v2\/product"}],"about":[{"href":"https:\/\/www.zirgustallis.lv\/en\/wp-json\/wp\/v2\/types\/product"}],"version-history":[{"count":0,"href":"https:\/\/www.zirgustallis.lv\/en\/wp-json\/wp\/v2\/product\/4418\/revisions"}],"wp:featuredmedia":[{"embeddable":true,"href":"https:\/\/www.zirgustallis.lv\/en\/wp-json\/wp\/v2\/media\/4410"}],"wp:attachment":[{"href":"https:\/\/www.zirgustallis.lv\/en\/wp-json\/wp\/v2\/media?parent=4418"}],"wp:term":[{"taxonomy":"product_brand","embeddable":true,"href":"https:\/\/www.zirgustallis.lv\/en\/wp-json\/wp\/v2\/product_brand?post=4418"},{"taxonomy":"product_cat","embeddable":true,"href":"https:\/\/www.zirgustallis.lv\/en\/wp-json\/wp\/v2\/product_cat?post=4418"},{"taxonomy":"product_tag","embeddable":true,"href":"https:\/\/www.zirgustallis.lv\/en\/wp-json\/wp\/v2\/product_tag?post=4418"}],"curies":[{"name":"wp","href":"https:\/\/api.w.org\/{rel}","templated":true}]}}