{"id":43269,"date":"2024-12-03T15:54:31","date_gmt":"2024-12-03T15:54:31","guid":{"rendered":"https:\/\/www.zirgustallis.lv\/?post_type=product&#038;p=43269"},"modified":"2024-12-03T15:54:32","modified_gmt":"2024-12-03T15:54:32","slug":"suedwind-legacy-iejades-zabaki-izm-38","status":"publish","type":"product","link":"https:\/\/www.zirgustallis.lv\/en\/product\/suedwind-legacy-iejades-zabaki-izm-38\/","title":{"rendered":"Suedwind Legacy iej\u0101des z\u0101baki izm. 38"},"content":{"rendered":"<p>iej\u0101des z\u0101baki ar cietu stulmu un r\u0101v\u0113jsl\u0113dz\u0113ju. 38. izm\u0113rs, stulma apk\u0101rtm\u0113rs plat\u0101kaj\u0101 viet\u0101 36 cm, stulma garums l\u012bdz ce\u013ca loc\u012btavai 49 cm<\/p>\n","protected":false},"excerpt":{"rendered":"<p>iej\u0101des z\u0101baki ar cietu stulmu un r\u0101v\u0113jsl\u0113dz\u0113ju. 38. izm\u0113rs, stulma apk\u0101rtm\u0113rs plat\u0101kaj\u0101 viet\u0101 36 cm, stulma garums l\u012bdz ce\u013ca loc\u012btavai 49 cm<\/p>\n","protected":false},"featured_media":43270,"template":"","meta":[],"product_brand":[],"product_cat":[250,329],"product_tag":[],"class_list":{"0":"post-43269","1":"product","2":"type-product","3":"status-publish","4":"has-post-thumbnail","6":"product_cat-pedejais-izmers","7":"product_cat-apavi-jatniekam","8":"pa_apavuizmers-1243","10":"first","11":"instock","12":"sale","13":"taxable","14":"shipping-taxable","15":"purchasable","16":"product-type-variable"},"_links":{"self":[{"href":"https:\/\/www.zirgustallis.lv\/en\/wp-json\/wp\/v2\/product\/43269","targetHints":{"allow":["GET"]}}],"collection":[{"href":"https:\/\/www.zirgustallis.lv\/en\/wp-json\/wp\/v2\/product"}],"about":[{"href":"https:\/\/www.zirgustallis.lv\/en\/wp-json\/wp\/v2\/types\/product"}],"version-history":[{"count":0,"href":"https:\/\/www.zirgustallis.lv\/en\/wp-json\/wp\/v2\/product\/43269\/revisions"}],"wp:featuredmedia":[{"embeddable":true,"href":"https:\/\/www.zirgustallis.lv\/en\/wp-json\/wp\/v2\/media\/43270"}],"wp:attachment":[{"href":"https:\/\/www.zirgustallis.lv\/en\/wp-json\/wp\/v2\/media?parent=43269"}],"wp:term":[{"taxonomy":"product_brand","embeddable":true,"href":"https:\/\/www.zirgustallis.lv\/en\/wp-json\/wp\/v2\/product_brand?post=43269"},{"taxonomy":"product_cat","embeddable":true,"href":"https:\/\/www.zirgustallis.lv\/en\/wp-json\/wp\/v2\/product_cat?post=43269"},{"taxonomy":"product_tag","embeddable":true,"href":"https:\/\/www.zirgustallis.lv\/en\/wp-json\/wp\/v2\/product_tag?post=43269"}],"curies":[{"name":"wp","href":"https:\/\/api.w.org\/{rel}","templated":true}]}}