{"id":4029,"date":"2021-01-04T16:47:49","date_gmt":"2021-01-04T16:47:49","guid":{"rendered":"https:\/\/zirgustallis.lv\/new\/product\/erreplus-putas-adas-izstradajumu-kopsanai-2\/"},"modified":"2021-01-04T16:47:49","modified_gmt":"2021-01-04T16:47:49","slug":"erreplus-putas-adas-izstradajumu-kopsanai-2","status":"publish","type":"product","link":"https:\/\/www.zirgustallis.lv\/en\/product\/erreplus-putas-adas-izstradajumu-kopsanai-2\/","title":{"rendered":"Erreplus putas \u0101das izstr\u0101d\u0101jumu kop\u0161anai"},"content":{"rendered":"<p>\u0100das kop\u0161anas putas, atjauno \u0101das dabisko pH l\u012bmeni, att\u012bra no sviedriem, net\u012brumiem un smilt\u012bm.<\/p>\n<p>Lieto\u0161ana: k\u0101rt\u012bgi sakrat\u012bt, izsmidzin\u0101t uz s\u016bkl\u012b\u0161a. Viegl\u0101m ap\u013cveida kust\u012bb\u0101m att\u012br\u012bt \u0101du, neieberzt. Not\u012br\u012bt ar sausu, m\u012bkstu lupati\u0146u.<\/p>\n","protected":false},"excerpt":{"rendered":"<p>\u0100das kop\u0161anas putas, atjauno \u0101das dabisko pH l\u012bmeni, att\u012bra no sviedriem, net\u012brumiem un smilt\u012bm. Lieto\u0161ana: k\u0101rt\u012bgi sakrat\u012bt, izsmidzin\u0101t uz s\u016bkl\u012b\u0161a. Viegl\u0101m ap\u013cveida kust\u012bb\u0101m att\u012br\u012bt \u0101du, neieberzt. Not\u012br\u012bt ar sausu, m\u012bkstu lupati\u0146u.<\/p>\n","protected":false},"featured_media":4026,"template":"","meta":[],"product_brand":[],"product_cat":[124],"product_tag":[],"class_list":{"0":"post-4029","1":"product","2":"type-product","3":"status-publish","4":"has-post-thumbnail","6":"product_cat-leather-soap","8":"first","9":"instock","10":"taxable","11":"shipping-taxable","12":"purchasable","13":"product-type-simple"},"_links":{"self":[{"href":"https:\/\/www.zirgustallis.lv\/en\/wp-json\/wp\/v2\/product\/4029","targetHints":{"allow":["GET"]}}],"collection":[{"href":"https:\/\/www.zirgustallis.lv\/en\/wp-json\/wp\/v2\/product"}],"about":[{"href":"https:\/\/www.zirgustallis.lv\/en\/wp-json\/wp\/v2\/types\/product"}],"version-history":[{"count":0,"href":"https:\/\/www.zirgustallis.lv\/en\/wp-json\/wp\/v2\/product\/4029\/revisions"}],"wp:featuredmedia":[{"embeddable":true,"href":"https:\/\/www.zirgustallis.lv\/en\/wp-json\/wp\/v2\/media\/4026"}],"wp:attachment":[{"href":"https:\/\/www.zirgustallis.lv\/en\/wp-json\/wp\/v2\/media?parent=4029"}],"wp:term":[{"taxonomy":"product_brand","embeddable":true,"href":"https:\/\/www.zirgustallis.lv\/en\/wp-json\/wp\/v2\/product_brand?post=4029"},{"taxonomy":"product_cat","embeddable":true,"href":"https:\/\/www.zirgustallis.lv\/en\/wp-json\/wp\/v2\/product_cat?post=4029"},{"taxonomy":"product_tag","embeddable":true,"href":"https:\/\/www.zirgustallis.lv\/en\/wp-json\/wp\/v2\/product_tag?post=4029"}],"curies":[{"name":"wp","href":"https:\/\/api.w.org\/{rel}","templated":true}]}}