{"id":39352,"date":"2024-08-07T08:38:20","date_gmt":"2024-08-07T08:38:20","guid":{"rendered":"https:\/\/www.zirgustallis.lv\/?post_type=product&#038;p=39352"},"modified":"2025-11-28T17:53:47","modified_gmt":"2025-11-28T14:53:47","slug":"gpa-easy-speed-air-kivere","status":"publish","type":"product","link":"https:\/\/www.zirgustallis.lv\/en\/product\/gpa-easy-speed-air-kivere\/","title":{"rendered":"GPA easy speed air \u0137ivere"},"content":{"rendered":"","protected":false},"excerpt":{"rendered":"<p>GPA \u0137ivere ar klasisku nadzi\u0146u un dizainu, kas nodro\u0161ina optim\u0101lu ventil\u0101ciju.<\/p>\n","protected":false},"featured_media":39357,"template":"","meta":[],"product_brand":[],"product_cat":[54,319],"product_tag":[],"class_list":{"0":"post-39352","1":"product","2":"type-product","3":"status-publish","4":"has-post-thumbnail","6":"product_cat-aizsargkiveres","7":"product_cat-jatniekam","8":"pa_izmers-4473","9":"pa_krasa-melna","11":"first","12":"instock","13":"taxable","14":"shipping-taxable","15":"purchasable","16":"product-type-variable"},"_links":{"self":[{"href":"https:\/\/www.zirgustallis.lv\/en\/wp-json\/wp\/v2\/product\/39352","targetHints":{"allow":["GET"]}}],"collection":[{"href":"https:\/\/www.zirgustallis.lv\/en\/wp-json\/wp\/v2\/product"}],"about":[{"href":"https:\/\/www.zirgustallis.lv\/en\/wp-json\/wp\/v2\/types\/product"}],"version-history":[{"count":1,"href":"https:\/\/www.zirgustallis.lv\/en\/wp-json\/wp\/v2\/product\/39352\/revisions"}],"predecessor-version":[{"id":51547,"href":"https:\/\/www.zirgustallis.lv\/en\/wp-json\/wp\/v2\/product\/39352\/revisions\/51547"}],"wp:featuredmedia":[{"embeddable":true,"href":"https:\/\/www.zirgustallis.lv\/en\/wp-json\/wp\/v2\/media\/39357"}],"wp:attachment":[{"href":"https:\/\/www.zirgustallis.lv\/en\/wp-json\/wp\/v2\/media?parent=39352"}],"wp:term":[{"taxonomy":"product_brand","embeddable":true,"href":"https:\/\/www.zirgustallis.lv\/en\/wp-json\/wp\/v2\/product_brand?post=39352"},{"taxonomy":"product_cat","embeddable":true,"href":"https:\/\/www.zirgustallis.lv\/en\/wp-json\/wp\/v2\/product_cat?post=39352"},{"taxonomy":"product_tag","embeddable":true,"href":"https:\/\/www.zirgustallis.lv\/en\/wp-json\/wp\/v2\/product_tag?post=39352"}],"curies":[{"name":"wp","href":"https:\/\/api.w.org\/{rel}","templated":true}]}}