{"id":39344,"date":"2024-08-07T08:22:19","date_gmt":"2024-08-07T08:22:19","guid":{"rendered":"https:\/\/www.zirgustallis.lv\/?post_type=product&#038;p=39344"},"modified":"2024-08-07T08:26:15","modified_gmt":"2024-08-07T08:26:15","slug":"gpa-easy-first-lady-kivere","status":"publish","type":"product","link":"https:\/\/www.zirgustallis.lv\/en\/product\/gpa-easy-first-lady-kivere\/","title":{"rendered":"GPA Easy first lady \u0137ivere"},"content":{"rendered":"","protected":false},"excerpt":{"rendered":"<p>GPA \u0137ivere ar platu nagu un \u012bpa\u0161i veidoto pakau\u0161a da\u013cu.<br \/>\n58. izm\u0113rs<\/p>\n","protected":false},"featured_media":39349,"template":"","meta":[],"product_brand":[],"product_cat":[54,319],"product_tag":[],"class_list":{"0":"post-39344","1":"product","2":"type-product","3":"status-publish","4":"has-post-thumbnail","6":"product_cat-aizsargkiveres","7":"product_cat-jatniekam","8":"pa_kiveresizmers-58cm","9":"pa_krasa-melnaspidiga","10":"pa_krasa-tumsi-zila-glossy","12":"first","13":"instock","14":"taxable","15":"shipping-taxable","16":"purchasable","17":"product-type-variable"},"_links":{"self":[{"href":"https:\/\/www.zirgustallis.lv\/en\/wp-json\/wp\/v2\/product\/39344","targetHints":{"allow":["GET"]}}],"collection":[{"href":"https:\/\/www.zirgustallis.lv\/en\/wp-json\/wp\/v2\/product"}],"about":[{"href":"https:\/\/www.zirgustallis.lv\/en\/wp-json\/wp\/v2\/types\/product"}],"version-history":[{"count":0,"href":"https:\/\/www.zirgustallis.lv\/en\/wp-json\/wp\/v2\/product\/39344\/revisions"}],"wp:featuredmedia":[{"embeddable":true,"href":"https:\/\/www.zirgustallis.lv\/en\/wp-json\/wp\/v2\/media\/39349"}],"wp:attachment":[{"href":"https:\/\/www.zirgustallis.lv\/en\/wp-json\/wp\/v2\/media?parent=39344"}],"wp:term":[{"taxonomy":"product_brand","embeddable":true,"href":"https:\/\/www.zirgustallis.lv\/en\/wp-json\/wp\/v2\/product_brand?post=39344"},{"taxonomy":"product_cat","embeddable":true,"href":"https:\/\/www.zirgustallis.lv\/en\/wp-json\/wp\/v2\/product_cat?post=39344"},{"taxonomy":"product_tag","embeddable":true,"href":"https:\/\/www.zirgustallis.lv\/en\/wp-json\/wp\/v2\/product_tag?post=39344"}],"curies":[{"name":"wp","href":"https:\/\/api.w.org\/{rel}","templated":true}]}}