{"id":39062,"date":"2024-07-27T10:58:49","date_gmt":"2024-07-27T10:58:49","guid":{"rendered":"https:\/\/www.zirgustallis.lv\/?post_type=product&#038;p=39062"},"modified":"2024-07-27T10:58:49","modified_gmt":"2024-07-27T10:58:49","slug":"br-edgamo-zvani","status":"publish","type":"product","link":"https:\/\/www.zirgustallis.lv\/en\/product\/br-edgamo-zvani\/","title":{"rendered":"BR Edgamo zvani"},"content":{"rendered":"<p>BR Edgamo zvani ar pretrot\u0101cijas dizainu, izgatavoti no polster\u0113tiem materi\u0101liem, kas amortiz\u0113 triecienus vai berzi, nodro\u0161inot papildu aizsardz\u012bbu nagam treni\u0146a laik\u0101.<\/p>\n","protected":false},"excerpt":{"rendered":"<p>BR Edgamo zvani ar pretrot\u0101cijas dizainu, izgatavoti no polster\u0113tiem materi\u0101liem, kas amortiz\u0113 triecienus vai berzi, nodro\u0161inot papildu aizsardz\u012bbu nagam treni\u0146a laik\u0101.<\/p>\n","protected":false},"featured_media":39064,"template":"","meta":[],"product_brand":[],"product_cat":[15],"product_tag":[],"class_list":{"0":"post-39062","1":"product","2":"type-product","3":"status-publish","4":"has-post-thumbnail","6":"product_cat-uncategorized","7":"pa_izmers-l","8":"pa_izmers-xl","9":"pa_krasa-besa","10":"pa_krasa-bruna","12":"first","13":"instock","14":"taxable","15":"shipping-taxable","16":"purchasable","17":"product-type-variable"},"_links":{"self":[{"href":"https:\/\/www.zirgustallis.lv\/en\/wp-json\/wp\/v2\/product\/39062","targetHints":{"allow":["GET"]}}],"collection":[{"href":"https:\/\/www.zirgustallis.lv\/en\/wp-json\/wp\/v2\/product"}],"about":[{"href":"https:\/\/www.zirgustallis.lv\/en\/wp-json\/wp\/v2\/types\/product"}],"version-history":[{"count":0,"href":"https:\/\/www.zirgustallis.lv\/en\/wp-json\/wp\/v2\/product\/39062\/revisions"}],"wp:featuredmedia":[{"embeddable":true,"href":"https:\/\/www.zirgustallis.lv\/en\/wp-json\/wp\/v2\/media\/39064"}],"wp:attachment":[{"href":"https:\/\/www.zirgustallis.lv\/en\/wp-json\/wp\/v2\/media?parent=39062"}],"wp:term":[{"taxonomy":"product_brand","embeddable":true,"href":"https:\/\/www.zirgustallis.lv\/en\/wp-json\/wp\/v2\/product_brand?post=39062"},{"taxonomy":"product_cat","embeddable":true,"href":"https:\/\/www.zirgustallis.lv\/en\/wp-json\/wp\/v2\/product_cat?post=39062"},{"taxonomy":"product_tag","embeddable":true,"href":"https:\/\/www.zirgustallis.lv\/en\/wp-json\/wp\/v2\/product_tag?post=39062"}],"curies":[{"name":"wp","href":"https:\/\/api.w.org\/{rel}","templated":true}]}}