{"id":38838,"date":"2024-07-19T11:20:45","date_gmt":"2024-07-19T11:20:45","guid":{"rendered":"https:\/\/www.zirgustallis.lv\/?post_type=product&#038;p=38838"},"modified":"2025-05-16T09:46:32","modified_gmt":"2025-05-16T09:46:32","slug":"ps-of-sweden-x-dinja-iejades-sviedrene","status":"publish","type":"product","link":"https:\/\/www.zirgustallis.lv\/en\/product\/ps-of-sweden-x-dinja-iejades-sviedrene\/","title":{"rendered":"PS of Sweden x Dinja iej\u0101des sviedrene"},"content":{"rendered":"<p>Anatomiskas formas sviedrene. Izgatavota no sp\u012bd\u012bga auduma un izrot\u0101ts ar baltiem krist\u0101liem.<br \/>\nPapildu vieta skaust\u0101<br \/>\n\u0100tri \u017e\u016bsto\u0161s, mitrumu uzs\u016bco\u0161s iek\u0161pus\u0113<br \/>\nVirspus\u0113 &#8211; net\u012brumus atgr\u016bdo\u0161s materi\u0101ls<\/p>\n","protected":false},"excerpt":{"rendered":"<p>Anatomiskas formas sviedrene. Izgatavota no sp\u012bd\u012bga auduma un izrot\u0101ts ar baltiem krist\u0101liem.<\/p>\n","protected":false},"featured_media":38846,"template":"","meta":[],"product_brand":[],"product_cat":[162,355],"product_tag":[],"class_list":{"0":"post-38838","1":"product","2":"type-product","3":"status-publish","4":"has-post-thumbnail","6":"product_cat-iejades-sviedrenes","7":"product_cat-sviedrenes","8":"pa_krasa-balta","9":"pa_krasa-melna","11":"first","12":"instock","13":"taxable","14":"shipping-taxable","15":"purchasable","16":"product-type-variable"},"_links":{"self":[{"href":"https:\/\/www.zirgustallis.lv\/en\/wp-json\/wp\/v2\/product\/38838","targetHints":{"allow":["GET"]}}],"collection":[{"href":"https:\/\/www.zirgustallis.lv\/en\/wp-json\/wp\/v2\/product"}],"about":[{"href":"https:\/\/www.zirgustallis.lv\/en\/wp-json\/wp\/v2\/types\/product"}],"version-history":[{"count":0,"href":"https:\/\/www.zirgustallis.lv\/en\/wp-json\/wp\/v2\/product\/38838\/revisions"}],"wp:featuredmedia":[{"embeddable":true,"href":"https:\/\/www.zirgustallis.lv\/en\/wp-json\/wp\/v2\/media\/38846"}],"wp:attachment":[{"href":"https:\/\/www.zirgustallis.lv\/en\/wp-json\/wp\/v2\/media?parent=38838"}],"wp:term":[{"taxonomy":"product_brand","embeddable":true,"href":"https:\/\/www.zirgustallis.lv\/en\/wp-json\/wp\/v2\/product_brand?post=38838"},{"taxonomy":"product_cat","embeddable":true,"href":"https:\/\/www.zirgustallis.lv\/en\/wp-json\/wp\/v2\/product_cat?post=38838"},{"taxonomy":"product_tag","embeddable":true,"href":"https:\/\/www.zirgustallis.lv\/en\/wp-json\/wp\/v2\/product_tag?post=38838"}],"curies":[{"name":"wp","href":"https:\/\/api.w.org\/{rel}","templated":true}]}}