{"id":38778,"date":"2024-07-17T11:35:28","date_gmt":"2024-07-17T11:35:28","guid":{"rendered":"https:\/\/www.zirgustallis.lv\/?post_type=product&#038;p=38778"},"modified":"2025-05-06T08:35:06","modified_gmt":"2025-05-06T08:35:06","slug":"spooks-luanah-sacensibu-bridzas","status":"publish","type":"product","link":"https:\/\/www.zirgustallis.lv\/en\/product\/spooks-luanah-sacensibu-bridzas\/","title":{"rendered":"Spooks Luanah sacens\u012bbu brid\u017eas"},"content":{"rendered":"<p>Priek\u0161pus\u0113 mirdzo\u0161i akmenti\u0146i<br \/>\nMirdzo\u0161a silikona apdruka uz kreis\u0101s k\u0101jas<br \/>\nDekorat\u012bvas muguras kabatas ar mirdzo\u0161iem akmenti\u0146iem<br \/>\nElast\u012bgs un m\u012bksts audums<br \/>\nElast\u012bga jostasvieta<br \/>\nDekorat\u012bvas aizmugur\u0113j\u0101s kabatas<br \/>\nPilnais silikona parkl\u0101jums<br \/>\nPot\u012b\u0161u da\u013c\u0101 elast\u012bgs<\/p>\n","protected":false},"excerpt":{"rendered":"<p>Priek\u0161pus\u0113 mirdzo\u0161i akmenti\u0146i<br \/>\nMirdzo\u0161a silikona apdruka uz kreis\u0101s k\u0101jas<br \/>\nDekorat\u012bvas muguras kabatas ar mirdzo\u0161iem akmenti\u0146iem<br \/>\nElast\u012bgs un m\u012bksts audums<br \/>\nElast\u012bga jostasvieta<br \/>\nDekorat\u012bvas aizmugur\u0113j\u0101s kabatas<br \/>\nPilnais silikona parkl\u0101jums<br \/>\nPot\u012b\u0161u da\u013c\u0101 elast\u012bgs<\/p>\n","protected":false},"featured_media":38779,"template":"","meta":[],"product_brand":[],"product_cat":[72,62,341,359],"product_tag":[],"class_list":{"0":"post-38778","1":"product","2":"type-product","3":"status-publish","4":"has-post-thumbnail","6":"product_cat-bridzas-sacensibam","7":"product_cat-sieviesu-bridzas","8":"product_cat-bridzas-jatniekam","9":"product_cat-sacensibam-jatniekam","10":"pa_izmers-m-2","11":"pa_izmers-xs","12":"pa_izmers-s","13":"pa_izmers-l","15":"first","16":"instock","17":"taxable","18":"shipping-taxable","19":"purchasable","20":"product-type-variable"},"_links":{"self":[{"href":"https:\/\/www.zirgustallis.lv\/en\/wp-json\/wp\/v2\/product\/38778","targetHints":{"allow":["GET"]}}],"collection":[{"href":"https:\/\/www.zirgustallis.lv\/en\/wp-json\/wp\/v2\/product"}],"about":[{"href":"https:\/\/www.zirgustallis.lv\/en\/wp-json\/wp\/v2\/types\/product"}],"version-history":[{"count":0,"href":"https:\/\/www.zirgustallis.lv\/en\/wp-json\/wp\/v2\/product\/38778\/revisions"}],"wp:featuredmedia":[{"embeddable":true,"href":"https:\/\/www.zirgustallis.lv\/en\/wp-json\/wp\/v2\/media\/38779"}],"wp:attachment":[{"href":"https:\/\/www.zirgustallis.lv\/en\/wp-json\/wp\/v2\/media?parent=38778"}],"wp:term":[{"taxonomy":"product_brand","embeddable":true,"href":"https:\/\/www.zirgustallis.lv\/en\/wp-json\/wp\/v2\/product_brand?post=38778"},{"taxonomy":"product_cat","embeddable":true,"href":"https:\/\/www.zirgustallis.lv\/en\/wp-json\/wp\/v2\/product_cat?post=38778"},{"taxonomy":"product_tag","embeddable":true,"href":"https:\/\/www.zirgustallis.lv\/en\/wp-json\/wp\/v2\/product_tag?post=38778"}],"curies":[{"name":"wp","href":"https:\/\/api.w.org\/{rel}","templated":true}]}}