{"id":38556,"date":"2024-07-08T13:07:39","date_gmt":"2024-07-08T13:07:39","guid":{"rendered":"https:\/\/www.zirgustallis.lv\/?post_type=product&#038;p=38556"},"modified":"2025-03-07T11:41:21","modified_gmt":"2025-03-07T11:41:21","slug":"samshield-xj-miss-shield","status":"publish","type":"product","link":"https:\/\/www.zirgustallis.lv\/en\/product\/samshield-xj-miss-shield\/","title":{"rendered":"Samshield XJ Miss Shield"},"content":{"rendered":"","protected":false},"excerpt":{"rendered":"<p>Jaun\u0101kais Samshield modelis &#8211; XJ. \u0100r\u0113j\u0101 \u010daula ir veidota no karbona \u0161\u0137iedras, nodro\u0161inot izcilu iztur\u012bbu un vieglumu. Iek\u0161\u0113jo sl\u0101ni kl\u0101j da\u017e\u0101da bl\u012bvuma polister\u012bns, veidojot materi\u0101lu, kas optim\u0101li izl\u012bdzina trieciena rad\u012bto vibr\u0101ciju.<br \/>\nApr\u012bkota ar div\u0101m ventil\u0101cijas atver\u0113m \u0137iveres priek\u0161pus\u0113 un aizmugur\u0113, nodro\u0161inot svaig\u0101 gaisa iepl\u016bdi un izpl\u016bdi, \u0101da maz\u0101k kars\u012bs un mazin\u0101sies sv\u012b\u0161ana.<\/p>\n","protected":false},"featured_media":38558,"template":"","meta":[],"product_brand":[],"product_cat":[54,319],"product_tag":[],"class_list":{"0":"post-38556","1":"product","2":"type-product","3":"status-publish","4":"has-post-thumbnail","6":"product_cat-aizsargkiveres","7":"product_cat-jatniekam","8":"pa_izmers-m-2","9":"pa_izmers-l","11":"first","12":"instock","13":"taxable","14":"shipping-taxable","15":"purchasable","16":"product-type-variable"},"_links":{"self":[{"href":"https:\/\/www.zirgustallis.lv\/en\/wp-json\/wp\/v2\/product\/38556","targetHints":{"allow":["GET"]}}],"collection":[{"href":"https:\/\/www.zirgustallis.lv\/en\/wp-json\/wp\/v2\/product"}],"about":[{"href":"https:\/\/www.zirgustallis.lv\/en\/wp-json\/wp\/v2\/types\/product"}],"version-history":[{"count":0,"href":"https:\/\/www.zirgustallis.lv\/en\/wp-json\/wp\/v2\/product\/38556\/revisions"}],"wp:featuredmedia":[{"embeddable":true,"href":"https:\/\/www.zirgustallis.lv\/en\/wp-json\/wp\/v2\/media\/38558"}],"wp:attachment":[{"href":"https:\/\/www.zirgustallis.lv\/en\/wp-json\/wp\/v2\/media?parent=38556"}],"wp:term":[{"taxonomy":"product_brand","embeddable":true,"href":"https:\/\/www.zirgustallis.lv\/en\/wp-json\/wp\/v2\/product_brand?post=38556"},{"taxonomy":"product_cat","embeddable":true,"href":"https:\/\/www.zirgustallis.lv\/en\/wp-json\/wp\/v2\/product_cat?post=38556"},{"taxonomy":"product_tag","embeddable":true,"href":"https:\/\/www.zirgustallis.lv\/en\/wp-json\/wp\/v2\/product_tag?post=38556"}],"curies":[{"name":"wp","href":"https:\/\/api.w.org\/{rel}","templated":true}]}}