{"id":37976,"date":"2024-06-11T13:10:38","date_gmt":"2024-06-11T13:10:38","guid":{"rendered":"https:\/\/www.zirgustallis.lv\/?post_type=product&#038;p=37976"},"modified":"2024-06-11T13:10:38","modified_gmt":"2024-06-11T13:10:38","slug":"kingsland-kljilly-3-zeku-komplekts","status":"publish","type":"product","link":"https:\/\/www.zirgustallis.lv\/en\/product\/kingsland-kljilly-3-zeku-komplekts\/","title":{"rendered":"Kingsland KLjilly 3 ze\u0137u komplekts"},"content":{"rendered":"<p>KLjilly Show Socks 3-Pack ir ad\u012bts raksts ar pl\u0101nu neilona aug\u0161da\u013cu, kas nodro\u0161ina cie\u0161u piegul\u0161anu. Uzkr\u012bto\u0161\u0101 KL apdruka pie\u0161\u0137ir \u0161\u012bm sacens\u012bbu ze\u0137\u0113m stil\u012bgu izskatu.<\/p>\n","protected":false},"excerpt":{"rendered":"<p>KLjilly Show Socks 3-Pack ir ad\u012bts raksts ar pl\u0101nu neilona aug\u0161da\u013cu, kas nodro\u0161ina cie\u0161u piegul\u0161anu. Uzkr\u012bto\u0161\u0101 KL apdruka pie\u0161\u0137ir \u0161\u012bm sacens\u012bbu ze\u0137\u0113m stil\u012bgu izskatu.<\/p>\n","protected":false},"featured_media":37977,"template":"","meta":[],"product_brand":[],"product_cat":[371],"product_tag":[],"class_list":{"0":"post-37976","1":"product","2":"type-product","3":"status-publish","4":"has-post-thumbnail","6":"product_cat-zekes","8":"first","9":"instock","10":"taxable","11":"shipping-taxable","12":"purchasable","13":"product-type-simple"},"_links":{"self":[{"href":"https:\/\/www.zirgustallis.lv\/en\/wp-json\/wp\/v2\/product\/37976","targetHints":{"allow":["GET"]}}],"collection":[{"href":"https:\/\/www.zirgustallis.lv\/en\/wp-json\/wp\/v2\/product"}],"about":[{"href":"https:\/\/www.zirgustallis.lv\/en\/wp-json\/wp\/v2\/types\/product"}],"version-history":[{"count":0,"href":"https:\/\/www.zirgustallis.lv\/en\/wp-json\/wp\/v2\/product\/37976\/revisions"}],"wp:featuredmedia":[{"embeddable":true,"href":"https:\/\/www.zirgustallis.lv\/en\/wp-json\/wp\/v2\/media\/37977"}],"wp:attachment":[{"href":"https:\/\/www.zirgustallis.lv\/en\/wp-json\/wp\/v2\/media?parent=37976"}],"wp:term":[{"taxonomy":"product_brand","embeddable":true,"href":"https:\/\/www.zirgustallis.lv\/en\/wp-json\/wp\/v2\/product_brand?post=37976"},{"taxonomy":"product_cat","embeddable":true,"href":"https:\/\/www.zirgustallis.lv\/en\/wp-json\/wp\/v2\/product_cat?post=37976"},{"taxonomy":"product_tag","embeddable":true,"href":"https:\/\/www.zirgustallis.lv\/en\/wp-json\/wp\/v2\/product_tag?post=37976"}],"curies":[{"name":"wp","href":"https:\/\/api.w.org\/{rel}","templated":true}]}}