{"id":376,"date":"2024-01-08T11:46:47","date_gmt":"2024-01-08T11:46:47","guid":{"rendered":"https:\/\/zirgustallis.lv\/new\/?post_type=product&#038;p=376"},"modified":"2024-01-08T11:46:47","modified_gmt":"2024-01-08T11:46:47","slug":"trenze-trisdaliga-vara","status":"publish","type":"product","link":"https:\/\/www.zirgustallis.lv\/en\/product\/trenze-trisdaliga-vara\/","title":{"rendered":"Trenze tr\u012bsda\u013c\u012bga vara"},"content":{"rendered":"<p><span style=\"color: rgb(26, 23, 27); font-family: Arial, Helvetica, sans-serif; line-height: normal;\">Anatomiska vara sakaus\u0113juma trenze ar dubultsavienojumu. Biezums: 21 mm. Ri\u0146\u0137i: 65 mm.&nbsp;<\/span><\/p>\n","protected":false},"excerpt":{"rendered":"<p>Anatomiska vara sakaus\u0113juma trenze ar dubultsavienojumu. Biezums: 21 mm. Ri\u0146\u0137i: 65 mm.&nbsp;<\/p>\n","protected":false},"featured_media":372,"template":"","meta":[],"product_brand":[],"product_cat":[346],"product_tag":[],"class_list":{"0":"post-376","1":"product","2":"type-product","3":"status-publish","4":"has-post-thumbnail","6":"product_cat-trenzes-iemaukti-un-piederumi-zirglietas-2","7":"pa_trenzesizmers-115cm-en","9":"first","10":"instock","11":"taxable","12":"shipping-taxable","13":"purchasable","14":"product-type-variable"},"_links":{"self":[{"href":"https:\/\/www.zirgustallis.lv\/en\/wp-json\/wp\/v2\/product\/376","targetHints":{"allow":["GET"]}}],"collection":[{"href":"https:\/\/www.zirgustallis.lv\/en\/wp-json\/wp\/v2\/product"}],"about":[{"href":"https:\/\/www.zirgustallis.lv\/en\/wp-json\/wp\/v2\/types\/product"}],"version-history":[{"count":0,"href":"https:\/\/www.zirgustallis.lv\/en\/wp-json\/wp\/v2\/product\/376\/revisions"}],"wp:featuredmedia":[{"embeddable":true,"href":"https:\/\/www.zirgustallis.lv\/en\/wp-json\/wp\/v2\/media\/372"}],"wp:attachment":[{"href":"https:\/\/www.zirgustallis.lv\/en\/wp-json\/wp\/v2\/media?parent=376"}],"wp:term":[{"taxonomy":"product_brand","embeddable":true,"href":"https:\/\/www.zirgustallis.lv\/en\/wp-json\/wp\/v2\/product_brand?post=376"},{"taxonomy":"product_cat","embeddable":true,"href":"https:\/\/www.zirgustallis.lv\/en\/wp-json\/wp\/v2\/product_cat?post=376"},{"taxonomy":"product_tag","embeddable":true,"href":"https:\/\/www.zirgustallis.lv\/en\/wp-json\/wp\/v2\/product_tag?post=376"}],"curies":[{"name":"wp","href":"https:\/\/api.w.org\/{rel}","templated":true}]}}