{"id":37218,"date":"2024-05-14T12:54:34","date_gmt":"2024-05-14T12:54:34","guid":{"rendered":"https:\/\/www.zirgustallis.lv\/?post_type=product&#038;p=37218"},"modified":"2025-06-12T09:30:33","modified_gmt":"2025-06-12T09:30:33","slug":"horze-hunting-martingals","status":"publish","type":"product","link":"https:\/\/www.zirgustallis.lv\/en\/product\/horze-hunting-martingals\/","title":{"rendered":"Horze Hunting martingals"},"content":{"rendered":"","protected":false},"excerpt":{"rendered":"<p>Horze martingals, kas kombin\u0113ts ar kr\u016b\u0161u siksnu. Dekor\u0113ts ar balt\u0101m \u0161uv\u0113m. Regul\u0113jams.<\/p>\n","protected":false},"featured_media":37227,"template":"","meta":[],"product_brand":[],"product_cat":[24,323],"product_tag":[],"class_list":{"0":"post-37218","1":"product","2":"type-product","3":"status-publish","4":"has-post-thumbnail","6":"product_cat-zirglietas","7":"product_cat-martingali-un-krusu-siksnas","8":"pa_izmers-cob","9":"pa_izmers-full","10":"pa_izmers-pony","11":"pa_krasa-bruna","12":"pa_krasa-melna","14":"first","15":"instock","16":"taxable","17":"shipping-taxable","18":"purchasable","19":"product-type-variable"},"_links":{"self":[{"href":"https:\/\/www.zirgustallis.lv\/en\/wp-json\/wp\/v2\/product\/37218","targetHints":{"allow":["GET"]}}],"collection":[{"href":"https:\/\/www.zirgustallis.lv\/en\/wp-json\/wp\/v2\/product"}],"about":[{"href":"https:\/\/www.zirgustallis.lv\/en\/wp-json\/wp\/v2\/types\/product"}],"version-history":[{"count":0,"href":"https:\/\/www.zirgustallis.lv\/en\/wp-json\/wp\/v2\/product\/37218\/revisions"}],"wp:featuredmedia":[{"embeddable":true,"href":"https:\/\/www.zirgustallis.lv\/en\/wp-json\/wp\/v2\/media\/37227"}],"wp:attachment":[{"href":"https:\/\/www.zirgustallis.lv\/en\/wp-json\/wp\/v2\/media?parent=37218"}],"wp:term":[{"taxonomy":"product_brand","embeddable":true,"href":"https:\/\/www.zirgustallis.lv\/en\/wp-json\/wp\/v2\/product_brand?post=37218"},{"taxonomy":"product_cat","embeddable":true,"href":"https:\/\/www.zirgustallis.lv\/en\/wp-json\/wp\/v2\/product_cat?post=37218"},{"taxonomy":"product_tag","embeddable":true,"href":"https:\/\/www.zirgustallis.lv\/en\/wp-json\/wp\/v2\/product_tag?post=37218"}],"curies":[{"name":"wp","href":"https:\/\/api.w.org\/{rel}","templated":true}]}}