{"id":36908,"date":"2024-04-29T12:58:45","date_gmt":"2024-04-29T12:58:45","guid":{"rendered":"https:\/\/www.zirgustallis.lv\/?post_type=product&#038;p=36908"},"modified":"2025-03-28T14:53:47","modified_gmt":"2025-03-28T14:53:47","slug":"kajsargi-trh5","status":"publish","type":"product","link":"https:\/\/www.zirgustallis.lv\/en\/product\/kajsargi-trh5\/","title":{"rendered":"Veredus K\u0101jsargi TRH5"},"content":{"rendered":"","protected":false},"excerpt":{"rendered":"<p>Veredus k\u0101jsargu l\u012bnija TRH5. Aizdare ar tapi\u0146\u0101m, Veredus kvalit\u0101te un izsmalcin\u0101tais dizains. Zil\u0101, br\u016bn\u0101 un meln\u0101 kr\u0101s\u0101, L izm\u0113rs.<\/p>\n","protected":false},"featured_media":36909,"template":"","meta":[],"product_brand":[],"product_cat":[40,304,24,339],"product_tag":[],"class_list":{"0":"post-36908","1":"product","2":"type-product","3":"status-publish","4":"has-post-thumbnail","6":"product_cat-kaju-aizsargi","7":"product_cat-veredus","8":"product_cat-zirglietas","9":"product_cat-kaju-aizsardziba","10":"pa_krasaizmers-brunsl","11":"pa_krasaizmers-melns-l","12":"pa_krasaizmers-melnsm","13":"pa_krasaizmers-zilsl","14":"pa_krasaizmers-zilsm","16":"first","17":"instock","18":"taxable","19":"shipping-taxable","20":"purchasable","21":"product-type-variable"},"_links":{"self":[{"href":"https:\/\/www.zirgustallis.lv\/en\/wp-json\/wp\/v2\/product\/36908","targetHints":{"allow":["GET"]}}],"collection":[{"href":"https:\/\/www.zirgustallis.lv\/en\/wp-json\/wp\/v2\/product"}],"about":[{"href":"https:\/\/www.zirgustallis.lv\/en\/wp-json\/wp\/v2\/types\/product"}],"version-history":[{"count":0,"href":"https:\/\/www.zirgustallis.lv\/en\/wp-json\/wp\/v2\/product\/36908\/revisions"}],"wp:featuredmedia":[{"embeddable":true,"href":"https:\/\/www.zirgustallis.lv\/en\/wp-json\/wp\/v2\/media\/36909"}],"wp:attachment":[{"href":"https:\/\/www.zirgustallis.lv\/en\/wp-json\/wp\/v2\/media?parent=36908"}],"wp:term":[{"taxonomy":"product_brand","embeddable":true,"href":"https:\/\/www.zirgustallis.lv\/en\/wp-json\/wp\/v2\/product_brand?post=36908"},{"taxonomy":"product_cat","embeddable":true,"href":"https:\/\/www.zirgustallis.lv\/en\/wp-json\/wp\/v2\/product_cat?post=36908"},{"taxonomy":"product_tag","embeddable":true,"href":"https:\/\/www.zirgustallis.lv\/en\/wp-json\/wp\/v2\/product_tag?post=36908"}],"curies":[{"name":"wp","href":"https:\/\/api.w.org\/{rel}","templated":true}]}}