{"id":36876,"date":"2024-04-29T08:52:34","date_gmt":"2024-04-29T08:52:34","guid":{"rendered":"https:\/\/www.zirgustallis.lv\/?post_type=product&#038;p=36876"},"modified":"2024-04-29T08:52:34","modified_gmt":"2024-04-29T08:52:34","slug":"ghost-lipica-segli","status":"publish","type":"product","link":"https:\/\/www.zirgustallis.lv\/en\/product\/ghost-lipica-segli\/","title":{"rendered":"Ghost Lipica segli"},"content":{"rendered":"","protected":false},"excerpt":{"rendered":"<p>Iej\u0101des modelis &#8220;Classic Lipica&#8221; ar taisn\u0101ku sp\u0101rnu un bloku, dubultu sp\u0101rnu un klasisku seglu izskatu.<br \/>\nGhost segli ir unik\u0101li ar savu pane\u013cu sist\u0113mu &#8211; tos iesp\u0113jams piel\u0101got da\u017e\u0101d\u0101m mugur\u0101m un main\u012bt, piem\u0113ram, ja zirgs notiev\u0113 vai paliek apa\u013c\u0101ks.<br \/>\n\u0112rta, dzi\u013ca s\u0113d\u0113\u0161ana. S\u0113dvietai ir \u012bpa\u0161s &#8220;twist&#8221; dizains, kas nodro\u0161ina, ka nav plata saj\u016bta, k\u0101 daudzos citos bezkarkasa seglos.<br \/>\nKomplekt\u0101 ietilpst speci\u0101la, svaru izl\u012bdzino\u0161a sviedrene un biot\u0101na k\u0101p\u0161\u013cu siksnas, k\u0101 ar\u012b seglu p\u0101rvalks. <\/p>\n","protected":false},"featured_media":36877,"template":"","meta":[],"product_brand":[],"product_cat":[80,26,24],"product_tag":[],"class_list":{"0":"post-36876","1":"product","2":"type-product","3":"status-publish","4":"has-post-thumbnail","6":"product_cat-segli","7":"product_cat-segli-un-piederumi","8":"product_cat-zirglietas","10":"first","11":"instock","12":"taxable","13":"shipping-taxable","14":"purchasable","15":"product-type-simple"},"_links":{"self":[{"href":"https:\/\/www.zirgustallis.lv\/en\/wp-json\/wp\/v2\/product\/36876","targetHints":{"allow":["GET"]}}],"collection":[{"href":"https:\/\/www.zirgustallis.lv\/en\/wp-json\/wp\/v2\/product"}],"about":[{"href":"https:\/\/www.zirgustallis.lv\/en\/wp-json\/wp\/v2\/types\/product"}],"version-history":[{"count":0,"href":"https:\/\/www.zirgustallis.lv\/en\/wp-json\/wp\/v2\/product\/36876\/revisions"}],"wp:featuredmedia":[{"embeddable":true,"href":"https:\/\/www.zirgustallis.lv\/en\/wp-json\/wp\/v2\/media\/36877"}],"wp:attachment":[{"href":"https:\/\/www.zirgustallis.lv\/en\/wp-json\/wp\/v2\/media?parent=36876"}],"wp:term":[{"taxonomy":"product_brand","embeddable":true,"href":"https:\/\/www.zirgustallis.lv\/en\/wp-json\/wp\/v2\/product_brand?post=36876"},{"taxonomy":"product_cat","embeddable":true,"href":"https:\/\/www.zirgustallis.lv\/en\/wp-json\/wp\/v2\/product_cat?post=36876"},{"taxonomy":"product_tag","embeddable":true,"href":"https:\/\/www.zirgustallis.lv\/en\/wp-json\/wp\/v2\/product_tag?post=36876"}],"curies":[{"name":"wp","href":"https:\/\/api.w.org\/{rel}","templated":true}]}}