{"id":36524,"date":"2024-04-17T14:25:31","date_gmt":"2024-04-17T14:25:31","guid":{"rendered":"https:\/\/www.zirgustallis.lv\/?post_type=product&#038;p=36524"},"modified":"2024-05-24T08:17:08","modified_gmt":"2024-05-24T08:17:08","slug":"pikeur-cassina-jeans-bikses-40-izm","status":"publish","type":"product","link":"https:\/\/www.zirgustallis.lv\/en\/product\/pikeur-cassina-jeans-bikses-40-izm\/","title":{"rendered":"Pikeur Cassina Jeans bikses 40 izm."},"content":{"rendered":"<p>Bikses ar paplatin\u0101tiem galiem un \u0101das ie\u0161uvumu l\u012bdz pat bik\u0161u galiem, j\u0101\u0161anai bez stulmiem. Pateicoties platajiem galiem, t\u0101s var vilkt p\u0101ri z\u0101bakiem. Bik\u0161u galos ir gumijas, lai t\u0101s tur\u0113tos uz z\u0101bakiem.<\/p>\n","protected":false},"excerpt":{"rendered":"<p>Bikses ar paplatin\u0101tiem galiem un \u0101das ie\u0161uvumu l\u012bdz pat bik\u0161u galiem, j\u0101\u0161anai bez stulmiem. Pateicoties platajiem galiem, t\u0101s var vilkt p\u0101ri z\u0101bakiem. Bik\u0161u galos ir gumijas, lai t\u0101s tur\u0113tos uz z\u0101bakiem.<\/p>\n","protected":false},"featured_media":36525,"template":"","meta":[],"product_brand":[],"product_cat":[305,62,341,353],"product_tag":[],"class_list":{"0":"post-36524","1":"product","2":"type-product","3":"status-publish","4":"has-post-thumbnail","6":"product_cat-akcijas-bridzas","7":"product_cat-sieviesu-bridzas","8":"product_cat-bridzas-jatniekam","9":"product_cat-akcija","11":"first","12":"instock","13":"sale","14":"taxable","15":"shipping-taxable","16":"purchasable","17":"product-type-simple"},"_links":{"self":[{"href":"https:\/\/www.zirgustallis.lv\/en\/wp-json\/wp\/v2\/product\/36524","targetHints":{"allow":["GET"]}}],"collection":[{"href":"https:\/\/www.zirgustallis.lv\/en\/wp-json\/wp\/v2\/product"}],"about":[{"href":"https:\/\/www.zirgustallis.lv\/en\/wp-json\/wp\/v2\/types\/product"}],"version-history":[{"count":0,"href":"https:\/\/www.zirgustallis.lv\/en\/wp-json\/wp\/v2\/product\/36524\/revisions"}],"wp:featuredmedia":[{"embeddable":true,"href":"https:\/\/www.zirgustallis.lv\/en\/wp-json\/wp\/v2\/media\/36525"}],"wp:attachment":[{"href":"https:\/\/www.zirgustallis.lv\/en\/wp-json\/wp\/v2\/media?parent=36524"}],"wp:term":[{"taxonomy":"product_brand","embeddable":true,"href":"https:\/\/www.zirgustallis.lv\/en\/wp-json\/wp\/v2\/product_brand?post=36524"},{"taxonomy":"product_cat","embeddable":true,"href":"https:\/\/www.zirgustallis.lv\/en\/wp-json\/wp\/v2\/product_cat?post=36524"},{"taxonomy":"product_tag","embeddable":true,"href":"https:\/\/www.zirgustallis.lv\/en\/wp-json\/wp\/v2\/product_tag?post=36524"}],"curies":[{"name":"wp","href":"https:\/\/api.w.org\/{rel}","templated":true}]}}