{"id":36185,"date":"2024-04-09T12:40:22","date_gmt":"2024-04-09T12:40:22","guid":{"rendered":"https:\/\/www.zirgustallis.lv\/?post_type=product&#038;p=36185"},"modified":"2024-04-09T12:40:23","modified_gmt":"2024-04-09T12:40:23","slug":"iejades-sviedrene-eskadron-mesh","status":"publish","type":"product","link":"https:\/\/www.zirgustallis.lv\/en\/product\/iejades-sviedrene-eskadron-mesh\/","title":{"rendered":"Iej\u0101des sviedrene Eskadron Mesh"},"content":{"rendered":"","protected":false},"excerpt":{"rendered":"<p>Iej\u0101des sviedrene balt\u0101 kr\u0101s\u0101, gaisa caurlaid\u012bga &#8220;mesh&#8221; materi\u0101la. <\/p>\n","protected":false},"featured_media":36186,"template":"","meta":[],"product_brand":[],"product_cat":[162,24,355],"product_tag":[],"class_list":{"0":"post-36185","1":"product","2":"type-product","3":"status-publish","4":"has-post-thumbnail","6":"product_cat-iejades-sviedrenes","7":"product_cat-zirglietas","8":"product_cat-sviedrenes","10":"first","11":"instock","12":"taxable","13":"shipping-taxable","14":"purchasable","15":"product-type-simple"},"_links":{"self":[{"href":"https:\/\/www.zirgustallis.lv\/en\/wp-json\/wp\/v2\/product\/36185","targetHints":{"allow":["GET"]}}],"collection":[{"href":"https:\/\/www.zirgustallis.lv\/en\/wp-json\/wp\/v2\/product"}],"about":[{"href":"https:\/\/www.zirgustallis.lv\/en\/wp-json\/wp\/v2\/types\/product"}],"version-history":[{"count":0,"href":"https:\/\/www.zirgustallis.lv\/en\/wp-json\/wp\/v2\/product\/36185\/revisions"}],"wp:featuredmedia":[{"embeddable":true,"href":"https:\/\/www.zirgustallis.lv\/en\/wp-json\/wp\/v2\/media\/36186"}],"wp:attachment":[{"href":"https:\/\/www.zirgustallis.lv\/en\/wp-json\/wp\/v2\/media?parent=36185"}],"wp:term":[{"taxonomy":"product_brand","embeddable":true,"href":"https:\/\/www.zirgustallis.lv\/en\/wp-json\/wp\/v2\/product_brand?post=36185"},{"taxonomy":"product_cat","embeddable":true,"href":"https:\/\/www.zirgustallis.lv\/en\/wp-json\/wp\/v2\/product_cat?post=36185"},{"taxonomy":"product_tag","embeddable":true,"href":"https:\/\/www.zirgustallis.lv\/en\/wp-json\/wp\/v2\/product_tag?post=36185"}],"curies":[{"name":"wp","href":"https:\/\/api.w.org\/{rel}","templated":true}]}}