{"id":36153,"date":"2024-04-09T08:34:41","date_gmt":"2024-04-09T08:34:41","guid":{"rendered":"https:\/\/www.zirgustallis.lv\/?post_type=product&#038;p=36153"},"modified":"2024-04-09T08:34:42","modified_gmt":"2024-04-09T08:34:42","slug":"matu-tiklins-br","status":"publish","type":"product","link":"https:\/\/www.zirgustallis.lv\/en\/product\/matu-tiklins-br\/","title":{"rendered":"Matu t\u012bkli\u0146\u0161 BR"},"content":{"rendered":"","protected":false},"excerpt":{"rendered":"<p>Viegls un elegants matu t\u012bkli\u0146\u0161 ar neliel\u0101m p\u0113rl\u012bt\u0113m. Balt\u0101, meln\u0101 un br\u016bn\u0101 kr\u0101s\u0101. <\/p>\n","protected":false},"featured_media":36163,"template":"","meta":[],"product_brand":[],"product_cat":[78,319,359],"product_tag":[],"class_list":{"0":"post-36153","1":"product","2":"type-product","3":"status-publish","4":"has-post-thumbnail","6":"product_cat-aksesuari-sacensibam","7":"product_cat-jatniekam","8":"product_cat-sacensibam-jatniekam","9":"pa_krasa-baltsdabigs","10":"pa_krasa-brunsdabigs","11":"pa_krasa-melnsdabigs","13":"first","14":"instock","15":"taxable","16":"shipping-taxable","17":"purchasable","18":"product-type-variable"},"_links":{"self":[{"href":"https:\/\/www.zirgustallis.lv\/en\/wp-json\/wp\/v2\/product\/36153","targetHints":{"allow":["GET"]}}],"collection":[{"href":"https:\/\/www.zirgustallis.lv\/en\/wp-json\/wp\/v2\/product"}],"about":[{"href":"https:\/\/www.zirgustallis.lv\/en\/wp-json\/wp\/v2\/types\/product"}],"version-history":[{"count":0,"href":"https:\/\/www.zirgustallis.lv\/en\/wp-json\/wp\/v2\/product\/36153\/revisions"}],"wp:featuredmedia":[{"embeddable":true,"href":"https:\/\/www.zirgustallis.lv\/en\/wp-json\/wp\/v2\/media\/36163"}],"wp:attachment":[{"href":"https:\/\/www.zirgustallis.lv\/en\/wp-json\/wp\/v2\/media?parent=36153"}],"wp:term":[{"taxonomy":"product_brand","embeddable":true,"href":"https:\/\/www.zirgustallis.lv\/en\/wp-json\/wp\/v2\/product_brand?post=36153"},{"taxonomy":"product_cat","embeddable":true,"href":"https:\/\/www.zirgustallis.lv\/en\/wp-json\/wp\/v2\/product_cat?post=36153"},{"taxonomy":"product_tag","embeddable":true,"href":"https:\/\/www.zirgustallis.lv\/en\/wp-json\/wp\/v2\/product_tag?post=36153"}],"curies":[{"name":"wp","href":"https:\/\/api.w.org\/{rel}","templated":true}]}}