{"id":36100,"date":"2024-04-06T13:54:34","date_gmt":"2024-04-06T13:54:34","guid":{"rendered":"https:\/\/www.zirgustallis.lv\/?post_type=product&#038;p=36100"},"modified":"2025-03-01T09:29:32","modified_gmt":"2025-03-01T09:29:32","slug":"b-vertigo-parvin-zekes","status":"publish","type":"product","link":"https:\/\/www.zirgustallis.lv\/en\/product\/b-vertigo-parvin-zekes\/","title":{"rendered":"B Vertigo Parvin ze\u0137es"},"content":{"rendered":"<p>Pel\u0113k\u0101 kr\u0101s\u0101.<\/p>\n<p>Sast\u0101vs:<br \/>\n15% kokvilna<br \/>\n70% viskoze<br \/>\n10% elast\u0101ns<br \/>\n5% poliesters <\/p>\n","protected":false},"excerpt":{"rendered":"<p>Pel\u0113k\u0101 kr\u0101s\u0101. Sast\u0101vs: 15% kokvilna 70% viskoze 10% elast\u0101ns 5% poliesters<\/p>\n","protected":false},"featured_media":45410,"template":"","meta":[],"product_brand":[],"product_cat":[371],"product_tag":[],"class_list":{"0":"post-36100","1":"product","2":"type-product","3":"status-publish","4":"has-post-thumbnail","6":"product_cat-zekes","7":"pa_izmers-35-38","8":"pa_izmers-39-42","10":"first","11":"instock","12":"taxable","13":"shipping-taxable","14":"purchasable","15":"product-type-variable"},"_links":{"self":[{"href":"https:\/\/www.zirgustallis.lv\/en\/wp-json\/wp\/v2\/product\/36100","targetHints":{"allow":["GET"]}}],"collection":[{"href":"https:\/\/www.zirgustallis.lv\/en\/wp-json\/wp\/v2\/product"}],"about":[{"href":"https:\/\/www.zirgustallis.lv\/en\/wp-json\/wp\/v2\/types\/product"}],"version-history":[{"count":0,"href":"https:\/\/www.zirgustallis.lv\/en\/wp-json\/wp\/v2\/product\/36100\/revisions"}],"wp:featuredmedia":[{"embeddable":true,"href":"https:\/\/www.zirgustallis.lv\/en\/wp-json\/wp\/v2\/media\/45410"}],"wp:attachment":[{"href":"https:\/\/www.zirgustallis.lv\/en\/wp-json\/wp\/v2\/media?parent=36100"}],"wp:term":[{"taxonomy":"product_brand","embeddable":true,"href":"https:\/\/www.zirgustallis.lv\/en\/wp-json\/wp\/v2\/product_brand?post=36100"},{"taxonomy":"product_cat","embeddable":true,"href":"https:\/\/www.zirgustallis.lv\/en\/wp-json\/wp\/v2\/product_cat?post=36100"},{"taxonomy":"product_tag","embeddable":true,"href":"https:\/\/www.zirgustallis.lv\/en\/wp-json\/wp\/v2\/product_tag?post=36100"}],"curies":[{"name":"wp","href":"https:\/\/api.w.org\/{rel}","templated":true}]}}