{"id":36090,"date":"2024-04-06T13:15:49","date_gmt":"2024-04-06T13:15:49","guid":{"rendered":"https:\/\/www.zirgustallis.lv\/?post_type=product&#038;p=36090"},"modified":"2025-08-05T12:40:10","modified_gmt":"2025-08-05T09:40:10","slug":"ego7-jumping-ej-sacensibu-bridzas","status":"publish","type":"product","link":"https:\/\/www.zirgustallis.lv\/en\/product\/ego7-jumping-ej-sacensibu-bridzas\/","title":{"rendered":"Ego7 Jumping EJ sacens\u012bbu brid\u017eas"},"content":{"rendered":"<p>Elast\u012bgas un \u012bpa\u0161i \u0113rtas balt\u0101s sacens\u012bbu brid\u017eas no Ego7 ar silikona <em>grip<\/em> ce\u013cu da\u013c\u0101. Ar paaugstin\u0101tu jostasvietu un kabat\u0101m. <\/p>\n","protected":false},"excerpt":{"rendered":"<p>Elast\u012bgas un \u012bpa\u0161i \u0113rtas balt\u0101s sacens\u012bbu brid\u017eas no Ego7 ar silikona grip ce\u013cu da\u013c\u0101. Ar paaugstin\u0101tu jostasvietu un kabat\u0101m.<\/p>\n","protected":false},"featured_media":36093,"template":"","meta":[],"product_brand":[],"product_cat":[72,196],"product_tag":[],"class_list":{"0":"post-36090","1":"product","2":"type-product","3":"status-publish","4":"has-post-thumbnail","6":"product_cat-bridzas-sacensibam","7":"product_cat-sieviesu-sacensibu-bridzas","8":"pa_izmers-885","9":"pa_izmers-899","10":"pa_izmers-835","11":"pa_izmers-871","13":"first","14":"instock","15":"taxable","16":"shipping-taxable","17":"purchasable","18":"product-type-variable"},"_links":{"self":[{"href":"https:\/\/www.zirgustallis.lv\/en\/wp-json\/wp\/v2\/product\/36090","targetHints":{"allow":["GET"]}}],"collection":[{"href":"https:\/\/www.zirgustallis.lv\/en\/wp-json\/wp\/v2\/product"}],"about":[{"href":"https:\/\/www.zirgustallis.lv\/en\/wp-json\/wp\/v2\/types\/product"}],"version-history":[{"count":0,"href":"https:\/\/www.zirgustallis.lv\/en\/wp-json\/wp\/v2\/product\/36090\/revisions"}],"wp:featuredmedia":[{"embeddable":true,"href":"https:\/\/www.zirgustallis.lv\/en\/wp-json\/wp\/v2\/media\/36093"}],"wp:attachment":[{"href":"https:\/\/www.zirgustallis.lv\/en\/wp-json\/wp\/v2\/media?parent=36090"}],"wp:term":[{"taxonomy":"product_brand","embeddable":true,"href":"https:\/\/www.zirgustallis.lv\/en\/wp-json\/wp\/v2\/product_brand?post=36090"},{"taxonomy":"product_cat","embeddable":true,"href":"https:\/\/www.zirgustallis.lv\/en\/wp-json\/wp\/v2\/product_cat?post=36090"},{"taxonomy":"product_tag","embeddable":true,"href":"https:\/\/www.zirgustallis.lv\/en\/wp-json\/wp\/v2\/product_tag?post=36090"}],"curies":[{"name":"wp","href":"https:\/\/api.w.org\/{rel}","templated":true}]}}