{"id":36006,"date":"2024-03-28T10:59:33","date_gmt":"2024-03-28T10:59:33","guid":{"rendered":"https:\/\/www.zirgustallis.lv\/?post_type=product&#038;p=36006"},"modified":"2024-03-28T10:59:54","modified_gmt":"2024-03-28T10:59:54","slug":"eskadron-double-pin-leather-apausi","status":"publish","type":"product","link":"https:\/\/www.zirgustallis.lv\/en\/product\/eskadron-double-pin-leather-apausi\/","title":{"rendered":"Eskadron Double Pin Leather apau\u0161i"},"content":{"rendered":"<p>Sint\u0113tisk\u0101s \u0101das apau\u0161i, FULL izm\u0113rs<\/p>\n","protected":false},"excerpt":{"rendered":"<p>Sint\u0113tisk\u0101s \u0101das apau\u0161i, FULL izm\u0113rs<\/p>\n","protected":false},"featured_media":36004,"template":"","meta":[],"product_brand":[],"product_cat":[295,349],"product_tag":[],"class_list":{"0":"post-36006","1":"product","2":"type-product","3":"status-publish","4":"has-post-thumbnail","6":"product_cat-apausi","7":"product_cat-apausi-un-izvedamas-pavadas","9":"first","10":"instock","11":"taxable","12":"shipping-taxable","13":"purchasable","14":"product-type-simple"},"_links":{"self":[{"href":"https:\/\/www.zirgustallis.lv\/en\/wp-json\/wp\/v2\/product\/36006","targetHints":{"allow":["GET"]}}],"collection":[{"href":"https:\/\/www.zirgustallis.lv\/en\/wp-json\/wp\/v2\/product"}],"about":[{"href":"https:\/\/www.zirgustallis.lv\/en\/wp-json\/wp\/v2\/types\/product"}],"version-history":[{"count":0,"href":"https:\/\/www.zirgustallis.lv\/en\/wp-json\/wp\/v2\/product\/36006\/revisions"}],"wp:featuredmedia":[{"embeddable":true,"href":"https:\/\/www.zirgustallis.lv\/en\/wp-json\/wp\/v2\/media\/36004"}],"wp:attachment":[{"href":"https:\/\/www.zirgustallis.lv\/en\/wp-json\/wp\/v2\/media?parent=36006"}],"wp:term":[{"taxonomy":"product_brand","embeddable":true,"href":"https:\/\/www.zirgustallis.lv\/en\/wp-json\/wp\/v2\/product_brand?post=36006"},{"taxonomy":"product_cat","embeddable":true,"href":"https:\/\/www.zirgustallis.lv\/en\/wp-json\/wp\/v2\/product_cat?post=36006"},{"taxonomy":"product_tag","embeddable":true,"href":"https:\/\/www.zirgustallis.lv\/en\/wp-json\/wp\/v2\/product_tag?post=36006"}],"curies":[{"name":"wp","href":"https:\/\/api.w.org\/{rel}","templated":true}]}}