{"id":35920,"date":"2024-03-25T11:38:32","date_gmt":"2024-03-25T11:38:32","guid":{"rendered":"https:\/\/www.zirgustallis.lv\/?post_type=product&#038;p=35920"},"modified":"2024-03-25T11:38:33","modified_gmt":"2024-03-25T11:38:33","slug":"apausi-hkm-catherine","status":"publish","type":"product","link":"https:\/\/www.zirgustallis.lv\/en\/product\/apausi-hkm-catherine\/","title":{"rendered":"Apau\u0161i HKM Catherine"},"content":{"rendered":"","protected":false},"excerpt":{"rendered":"<p>M\u012bksti apau\u0161i no HKM, pony, cob, full izm\u0113r\u0101. <\/p>\n","protected":false},"featured_media":35924,"template":"","meta":[],"product_brand":[],"product_cat":[295,24,349],"product_tag":[],"class_list":{"0":"post-35920","1":"product","2":"type-product","3":"status-publish","4":"has-post-thumbnail","6":"product_cat-apausi","7":"product_cat-zirglietas","8":"product_cat-apausi-un-izvedamas-pavadas","9":"pa_iemauktuizmers-cob","10":"pa_iemauktuizmers-full","11":"pa_iemauktuizmers-pony","13":"first","14":"instock","15":"taxable","16":"shipping-taxable","17":"purchasable","18":"product-type-variable"},"_links":{"self":[{"href":"https:\/\/www.zirgustallis.lv\/en\/wp-json\/wp\/v2\/product\/35920","targetHints":{"allow":["GET"]}}],"collection":[{"href":"https:\/\/www.zirgustallis.lv\/en\/wp-json\/wp\/v2\/product"}],"about":[{"href":"https:\/\/www.zirgustallis.lv\/en\/wp-json\/wp\/v2\/types\/product"}],"version-history":[{"count":0,"href":"https:\/\/www.zirgustallis.lv\/en\/wp-json\/wp\/v2\/product\/35920\/revisions"}],"wp:featuredmedia":[{"embeddable":true,"href":"https:\/\/www.zirgustallis.lv\/en\/wp-json\/wp\/v2\/media\/35924"}],"wp:attachment":[{"href":"https:\/\/www.zirgustallis.lv\/en\/wp-json\/wp\/v2\/media?parent=35920"}],"wp:term":[{"taxonomy":"product_brand","embeddable":true,"href":"https:\/\/www.zirgustallis.lv\/en\/wp-json\/wp\/v2\/product_brand?post=35920"},{"taxonomy":"product_cat","embeddable":true,"href":"https:\/\/www.zirgustallis.lv\/en\/wp-json\/wp\/v2\/product_cat?post=35920"},{"taxonomy":"product_tag","embeddable":true,"href":"https:\/\/www.zirgustallis.lv\/en\/wp-json\/wp\/v2\/product_tag?post=35920"}],"curies":[{"name":"wp","href":"https:\/\/api.w.org\/{rel}","templated":true}]}}