{"id":32281,"date":"2024-01-15T15:47:09","date_gmt":"2024-01-15T15:47:09","guid":{"rendered":"https:\/\/www.zirgustallis.lv\/?post_type=product&#038;p=32281"},"modified":"2026-02-10T18:34:04","modified_gmt":"2026-02-10T15:34:04","slug":"eskadron-platinum-satin-sviedrene","status":"publish","type":"product","link":"https:\/\/www.zirgustallis.lv\/en\/product\/eskadron-platinum-satin-sviedrene\/","title":{"rendered":"Eskadron Platinum Satin sviedrene"},"content":{"rendered":"<p>Platinum kolekcijas sviedrenes ar zv\u012b\u0146u raksta no\u0161uvumu un m\u0101ksl\u012bg\u0101s ka\u017eok\u0101das skausta polsteri<\/p>\n","protected":false},"excerpt":{"rendered":"<p>Platinum kolekcijas sviedrenes ar zv\u012b\u0146u raksta no\u0161uvumu un m\u0101ksl\u012bg\u0101s ka\u017eok\u0101das skausta polsteri<\/p>\n","protected":false},"featured_media":32280,"template":"","meta":[],"product_brand":[],"product_cat":[162,164,355],"product_tag":[],"class_list":{"0":"post-32281","1":"product","2":"type-product","3":"status-publish","4":"has-post-thumbnail","6":"product_cat-iejades-sviedrenes","7":"product_cat-konkura-sviedrenes","8":"product_cat-sviedrenes","9":"pa_forma-iejades","10":"pa_forma-konkura","11":"pa_krasa-besa","12":"pa_krasa-karamelesbruns","13":"pa_krasa-melna","14":"pa_krasa-peleka","15":"pa_krasa-pelekzila","17":"first","18":"instock","19":"sale","20":"taxable","21":"shipping-taxable","22":"purchasable","23":"product-type-variable"},"_links":{"self":[{"href":"https:\/\/www.zirgustallis.lv\/en\/wp-json\/wp\/v2\/product\/32281","targetHints":{"allow":["GET"]}}],"collection":[{"href":"https:\/\/www.zirgustallis.lv\/en\/wp-json\/wp\/v2\/product"}],"about":[{"href":"https:\/\/www.zirgustallis.lv\/en\/wp-json\/wp\/v2\/types\/product"}],"version-history":[{"count":1,"href":"https:\/\/www.zirgustallis.lv\/en\/wp-json\/wp\/v2\/product\/32281\/revisions"}],"predecessor-version":[{"id":55585,"href":"https:\/\/www.zirgustallis.lv\/en\/wp-json\/wp\/v2\/product\/32281\/revisions\/55585"}],"wp:featuredmedia":[{"embeddable":true,"href":"https:\/\/www.zirgustallis.lv\/en\/wp-json\/wp\/v2\/media\/32280"}],"wp:attachment":[{"href":"https:\/\/www.zirgustallis.lv\/en\/wp-json\/wp\/v2\/media?parent=32281"}],"wp:term":[{"taxonomy":"product_brand","embeddable":true,"href":"https:\/\/www.zirgustallis.lv\/en\/wp-json\/wp\/v2\/product_brand?post=32281"},{"taxonomy":"product_cat","embeddable":true,"href":"https:\/\/www.zirgustallis.lv\/en\/wp-json\/wp\/v2\/product_cat?post=32281"},{"taxonomy":"product_tag","embeddable":true,"href":"https:\/\/www.zirgustallis.lv\/en\/wp-json\/wp\/v2\/product_tag?post=32281"}],"curies":[{"name":"wp","href":"https:\/\/api.w.org\/{rel}","templated":true}]}}