{"id":3226,"date":"2020-04-15T16:33:44","date_gmt":"2020-04-15T16:33:44","guid":{"rendered":"https:\/\/zirgustallis.lv\/new\/product\/animo-zekes-taipei-2\/"},"modified":"2020-04-15T16:33:44","modified_gmt":"2020-04-15T16:33:44","slug":"animo-zekes-taipei-2","status":"publish","type":"product","link":"https:\/\/www.zirgustallis.lv\/en\/product\/animo-zekes-taipei-2\/","title":{"rendered":"Animo ze\u0137es Taipei"},"content":{"rendered":"<p>M izm\u0113rs.<\/p>\n<p>Kvalitat\u012bvas un elast\u012bgas ze\u0137es, ra\u017eotas It\u0101lij\u0101.<\/p>\n<p>Tum\u0161i zil\u0101 kr\u0101s\u0101 ar mirdzo\u0161u akmenti\u0146u logo ze\u0137u aug\u0161da\u013c\u0101.<\/p>\n<p>Sast\u0101vs: 100% mikro\u0161\u0137iedra.<\/p>\n","protected":false},"excerpt":{"rendered":"<p>M izm\u0113rs. Kvalitat\u012bvas un elast\u012bgas ze\u0137es, ra\u017eotas It\u0101lij\u0101. Tum\u0161i zil\u0101 kr\u0101s\u0101 ar mirdzo\u0161u akmenti\u0146u logo ze\u0137u aug\u0161da\u013c\u0101. Sast\u0101vs: 100% mikro\u0161\u0137iedra.<\/p>\n","protected":false},"featured_media":3222,"template":"","meta":[],"product_brand":[],"product_cat":[372],"product_tag":[],"class_list":{"0":"post-3226","1":"product","2":"type-product","3":"status-publish","4":"has-post-thumbnail","6":"product_cat-zekes-jatniekam-2","8":"first","9":"instock","10":"taxable","11":"shipping-taxable","12":"purchasable","13":"product-type-variable"},"_links":{"self":[{"href":"https:\/\/www.zirgustallis.lv\/en\/wp-json\/wp\/v2\/product\/3226","targetHints":{"allow":["GET"]}}],"collection":[{"href":"https:\/\/www.zirgustallis.lv\/en\/wp-json\/wp\/v2\/product"}],"about":[{"href":"https:\/\/www.zirgustallis.lv\/en\/wp-json\/wp\/v2\/types\/product"}],"version-history":[{"count":0,"href":"https:\/\/www.zirgustallis.lv\/en\/wp-json\/wp\/v2\/product\/3226\/revisions"}],"wp:featuredmedia":[{"embeddable":true,"href":"https:\/\/www.zirgustallis.lv\/en\/wp-json\/wp\/v2\/media\/3222"}],"wp:attachment":[{"href":"https:\/\/www.zirgustallis.lv\/en\/wp-json\/wp\/v2\/media?parent=3226"}],"wp:term":[{"taxonomy":"product_brand","embeddable":true,"href":"https:\/\/www.zirgustallis.lv\/en\/wp-json\/wp\/v2\/product_brand?post=3226"},{"taxonomy":"product_cat","embeddable":true,"href":"https:\/\/www.zirgustallis.lv\/en\/wp-json\/wp\/v2\/product_cat?post=3226"},{"taxonomy":"product_tag","embeddable":true,"href":"https:\/\/www.zirgustallis.lv\/en\/wp-json\/wp\/v2\/product_tag?post=3226"}],"curies":[{"name":"wp","href":"https:\/\/api.w.org\/{rel}","templated":true}]}}