{"id":2603,"date":"2019-06-03T17:10:02","date_gmt":"2019-06-03T17:10:02","guid":{"rendered":"https:\/\/zirgustallis.lv\/new\/product\/sacensibu-bridzas-bernu-2\/"},"modified":"2019-06-03T17:10:02","modified_gmt":"2019-06-03T17:10:02","slug":"sacensibu-bridzas-bernu-2","status":"publish","type":"product","link":"https:\/\/www.zirgustallis.lv\/en\/product\/sacensibu-bridzas-bernu-2\/","title":{"rendered":"Sacens\u012bbu brid\u017eas Active JR"},"content":{"rendered":"<p><span style=\"font-size: 16px;\">D\u017eersijas tipa auduma brid\u017eas ar punkt\u0113tu silikona nesl\u012bdo\u0161o da\u013cu. 95% kokvilna, 5% elast\u0101ns<\/span><\/p>\n","protected":false},"excerpt":{"rendered":"<p>D\u017eersijas tipa auduma brid\u017eas ar punkt\u0113tu silikona nesl\u012bdo\u0161o da\u013cu. 95% kokvilna, 5% elast\u0101ns<\/p>\n","protected":false},"featured_media":2596,"template":"","meta":[],"product_brand":[],"product_cat":[195],"product_tag":[],"class_list":{"0":"post-2603","1":"product","2":"type-product","3":"status-publish","4":"has-post-thumbnail","6":"product_cat-kids-show-breeches","7":"pa_izmers-140cm-en","8":"pa_izmers-150cm-en","9":"pa_izmers-160cm-en","10":"pa_izmers-170cm-en","12":"first","13":"onbackorder","14":"taxable","15":"shipping-taxable","16":"purchasable","17":"product-type-variable"},"_links":{"self":[{"href":"https:\/\/www.zirgustallis.lv\/en\/wp-json\/wp\/v2\/product\/2603","targetHints":{"allow":["GET"]}}],"collection":[{"href":"https:\/\/www.zirgustallis.lv\/en\/wp-json\/wp\/v2\/product"}],"about":[{"href":"https:\/\/www.zirgustallis.lv\/en\/wp-json\/wp\/v2\/types\/product"}],"version-history":[{"count":0,"href":"https:\/\/www.zirgustallis.lv\/en\/wp-json\/wp\/v2\/product\/2603\/revisions"}],"wp:featuredmedia":[{"embeddable":true,"href":"https:\/\/www.zirgustallis.lv\/en\/wp-json\/wp\/v2\/media\/2596"}],"wp:attachment":[{"href":"https:\/\/www.zirgustallis.lv\/en\/wp-json\/wp\/v2\/media?parent=2603"}],"wp:term":[{"taxonomy":"product_brand","embeddable":true,"href":"https:\/\/www.zirgustallis.lv\/en\/wp-json\/wp\/v2\/product_brand?post=2603"},{"taxonomy":"product_cat","embeddable":true,"href":"https:\/\/www.zirgustallis.lv\/en\/wp-json\/wp\/v2\/product_cat?post=2603"},{"taxonomy":"product_tag","embeddable":true,"href":"https:\/\/www.zirgustallis.lv\/en\/wp-json\/wp\/v2\/product_tag?post=2603"}],"curies":[{"name":"wp","href":"https:\/\/api.w.org\/{rel}","templated":true}]}}