{"id":2571,"date":"2019-03-12T16:23:53","date_gmt":"2019-03-12T16:23:53","guid":{"rendered":"https:\/\/zirgustallis.lv\/new\/product\/musu-maska-2\/"},"modified":"2019-03-12T16:23:53","modified_gmt":"2019-03-12T16:23:53","slug":"musu-maska-2","status":"publish","type":"product","link":"https:\/\/www.zirgustallis.lv\/en\/product\/musu-maska-2\/","title":{"rendered":"Mu\u0161u maska"},"content":{"rendered":"<p>Pie iemauktiem stiprin\u0101ma mu\u0161u maska, viegli lietojama, \u0113rta<\/p>\n","protected":false},"excerpt":{"rendered":"<p>Pie iemauktiem stiprin\u0101ma mu\u0161u maska, viegli lietojama, \u0113rta<\/p>\n","protected":false},"featured_media":2564,"template":"","meta":[],"product_brand":[],"product_cat":[173],"product_tag":[],"class_list":{"0":"post-2571","1":"product","2":"type-product","3":"status-publish","4":"has-post-thumbnail","6":"product_cat-fly-masks","7":"pa_izmers-l-en","8":"pa_izmers-m-en","9":"pa_izmers-xl-en","10":"pa_izmers-xxl-en","12":"first","13":"onbackorder","14":"taxable","15":"shipping-taxable","16":"purchasable","17":"product-type-variable"},"_links":{"self":[{"href":"https:\/\/www.zirgustallis.lv\/en\/wp-json\/wp\/v2\/product\/2571","targetHints":{"allow":["GET"]}}],"collection":[{"href":"https:\/\/www.zirgustallis.lv\/en\/wp-json\/wp\/v2\/product"}],"about":[{"href":"https:\/\/www.zirgustallis.lv\/en\/wp-json\/wp\/v2\/types\/product"}],"version-history":[{"count":0,"href":"https:\/\/www.zirgustallis.lv\/en\/wp-json\/wp\/v2\/product\/2571\/revisions"}],"wp:featuredmedia":[{"embeddable":true,"href":"https:\/\/www.zirgustallis.lv\/en\/wp-json\/wp\/v2\/media\/2564"}],"wp:attachment":[{"href":"https:\/\/www.zirgustallis.lv\/en\/wp-json\/wp\/v2\/media?parent=2571"}],"wp:term":[{"taxonomy":"product_brand","embeddable":true,"href":"https:\/\/www.zirgustallis.lv\/en\/wp-json\/wp\/v2\/product_brand?post=2571"},{"taxonomy":"product_cat","embeddable":true,"href":"https:\/\/www.zirgustallis.lv\/en\/wp-json\/wp\/v2\/product_cat?post=2571"},{"taxonomy":"product_tag","embeddable":true,"href":"https:\/\/www.zirgustallis.lv\/en\/wp-json\/wp\/v2\/product_tag?post=2571"}],"curies":[{"name":"wp","href":"https:\/\/api.w.org\/{rel}","templated":true}]}}