{"id":2396,"date":"2018-11-15T14:47:11","date_gmt":"2018-11-15T14:47:11","guid":{"rendered":"https:\/\/zirgustallis.lv\/new\/product\/zakete-equipage-brown-2\/"},"modified":"2018-11-15T14:47:11","modified_gmt":"2018-11-15T14:47:11","slug":"zakete-equipage-brown-2","status":"publish","type":"product","link":"https:\/\/www.zirgustallis.lv\/en\/product\/zakete-equipage-brown-2\/","title":{"rendered":"\u017dakete Equipage Brown stripe"},"content":{"rendered":"<p>Klasiska stila j\u0101\u0161anas sporta \u017eakete<\/p>\n","protected":false},"excerpt":{"rendered":"<p>Klasiska stila j\u0101\u0161anas sporta \u017eakete<\/p>\n","protected":false},"featured_media":2392,"template":"","meta":[],"product_brand":[],"product_cat":[235,77,381],"product_tag":[],"class_list":{"0":"post-2396","1":"product","2":"type-product","3":"status-publish","4":"has-post-thumbnail","6":"product_cat-for-competition","7":"product_cat-zaketes-2","8":"product_cat-western-style","9":"pa_apgerbaizmers-38-en","11":"first","12":"onbackorder","13":"sale","14":"taxable","15":"shipping-taxable","16":"purchasable","17":"product-type-variable"},"_links":{"self":[{"href":"https:\/\/www.zirgustallis.lv\/en\/wp-json\/wp\/v2\/product\/2396","targetHints":{"allow":["GET"]}}],"collection":[{"href":"https:\/\/www.zirgustallis.lv\/en\/wp-json\/wp\/v2\/product"}],"about":[{"href":"https:\/\/www.zirgustallis.lv\/en\/wp-json\/wp\/v2\/types\/product"}],"version-history":[{"count":0,"href":"https:\/\/www.zirgustallis.lv\/en\/wp-json\/wp\/v2\/product\/2396\/revisions"}],"wp:featuredmedia":[{"embeddable":true,"href":"https:\/\/www.zirgustallis.lv\/en\/wp-json\/wp\/v2\/media\/2392"}],"wp:attachment":[{"href":"https:\/\/www.zirgustallis.lv\/en\/wp-json\/wp\/v2\/media?parent=2396"}],"wp:term":[{"taxonomy":"product_brand","embeddable":true,"href":"https:\/\/www.zirgustallis.lv\/en\/wp-json\/wp\/v2\/product_brand?post=2396"},{"taxonomy":"product_cat","embeddable":true,"href":"https:\/\/www.zirgustallis.lv\/en\/wp-json\/wp\/v2\/product_cat?post=2396"},{"taxonomy":"product_tag","embeddable":true,"href":"https:\/\/www.zirgustallis.lv\/en\/wp-json\/wp\/v2\/product_tag?post=2396"}],"curies":[{"name":"wp","href":"https:\/\/api.w.org\/{rel}","templated":true}]}}