{"id":2231,"date":"2018-02-10T16:28:07","date_gmt":"2018-02-10T16:28:07","guid":{"rendered":"https:\/\/zirgustallis.lv\/new\/product\/br-leather-combo-2\/"},"modified":"2025-12-09T15:24:42","modified_gmt":"2025-12-09T12:24:42","slug":"br-leather-combo-2","status":"publish","type":"product","link":"https:\/\/www.zirgustallis.lv\/en\/product\/br-leather-combo-2\/","title":{"rendered":"BR Leather Combo"},"content":{"rendered":"<p>Lielisks produkts, kur\u0101 apvienots \u0101das t\u012br\u0101mais l\u012bdzeklis ar \u0101das kop\u0161anas l\u012bdzekli, nesatur taukvielas. Dzi\u013ci ies\u016bcas \u0101das strukt\u016br\u0101, att\u012bra to no sviedriem un net\u012brumiem k\u0101 ar\u012b izveido aizargsl\u0101n\u012bti, kas pasarg\u0101 \u0101du no mitruma un net\u012brumiem. Lieto\u0161ana: izsmidzina uz \u0101das, pagaida l\u012bdz ies\u016bksies, tad ieberz\u0113 virsm\u0101 ar lupati\u0146u vai s\u016bkli, ja l\u012bdzek\u013ca par daudz, lieko nosusina ar t\u012bru dr\u0101nu. Nelietot nubukam un zam\u0161\u0101dai. 500 ml.<\/p>\n","protected":false},"excerpt":{"rendered":"<p>Lielisks produkts, kur\u0101 apvienots \u0101das t\u012br\u0101mais l\u012bdzeklis ar \u0101das kop\u0161anas l\u012bdzekli, nesatur taukvielas. Dzi\u013ci ies\u016bcas \u0101das strukt\u016br\u0101, att\u012bra to no sviedriem un net\u012brumiem k\u0101 ar\u012b izveido aizargsl\u0101n\u012bti, kas pasarg\u0101 \u0101du no mitruma un net\u012brumiem. Lieto\u0161ana: izsmidzina uz \u0101das, pagaida l\u012bdz ies\u016bksies, tad ieberz\u0113 virsm\u0101 ar lupati\u0146u vai s\u016bkli, ja l\u012bdzek\u013ca par daudz, lieko nosusina ar [&hellip;]<\/p>\n","protected":false},"featured_media":2228,"template":"","meta":[],"product_brand":[],"product_cat":[124],"product_tag":[],"class_list":{"0":"post-2231","1":"product","2":"type-product","3":"status-publish","4":"has-post-thumbnail","6":"product_cat-leather-soap","8":"first","9":"instock","10":"taxable","11":"shipping-taxable","12":"purchasable","13":"product-type-simple"},"_links":{"self":[{"href":"https:\/\/www.zirgustallis.lv\/en\/wp-json\/wp\/v2\/product\/2231","targetHints":{"allow":["GET"]}}],"collection":[{"href":"https:\/\/www.zirgustallis.lv\/en\/wp-json\/wp\/v2\/product"}],"about":[{"href":"https:\/\/www.zirgustallis.lv\/en\/wp-json\/wp\/v2\/types\/product"}],"version-history":[{"count":1,"href":"https:\/\/www.zirgustallis.lv\/en\/wp-json\/wp\/v2\/product\/2231\/revisions"}],"predecessor-version":[{"id":52498,"href":"https:\/\/www.zirgustallis.lv\/en\/wp-json\/wp\/v2\/product\/2231\/revisions\/52498"}],"wp:featuredmedia":[{"embeddable":true,"href":"https:\/\/www.zirgustallis.lv\/en\/wp-json\/wp\/v2\/media\/2228"}],"wp:attachment":[{"href":"https:\/\/www.zirgustallis.lv\/en\/wp-json\/wp\/v2\/media?parent=2231"}],"wp:term":[{"taxonomy":"product_brand","embeddable":true,"href":"https:\/\/www.zirgustallis.lv\/en\/wp-json\/wp\/v2\/product_brand?post=2231"},{"taxonomy":"product_cat","embeddable":true,"href":"https:\/\/www.zirgustallis.lv\/en\/wp-json\/wp\/v2\/product_cat?post=2231"},{"taxonomy":"product_tag","embeddable":true,"href":"https:\/\/www.zirgustallis.lv\/en\/wp-json\/wp\/v2\/product_tag?post=2231"}],"curies":[{"name":"wp","href":"https:\/\/api.w.org\/{rel}","templated":true}]}}