{"id":2169,"date":"2017-11-24T16:22:16","date_gmt":"2017-11-24T16:22:16","guid":{"rendered":"https:\/\/zirgustallis.lv\/new\/product\/stubben-care-brush-on-losjons-2\/"},"modified":"2025-12-11T14:16:17","modified_gmt":"2025-12-11T11:16:17","slug":"stubben-care-brush-on-losjons-2","status":"publish","type":"product","link":"https:\/\/www.zirgustallis.lv\/en\/product\/stubben-care-brush-on-losjons-2\/","title":{"rendered":"Stubben Care Brush on losjons"},"content":{"rendered":"<p>Stubben Care Brush on ar ro\u017eu un za\u013co t\u0113ju padara \u0137emm\u0113\u0161anu vieglu. Rada sp\u012bdumu un apjomu. Vair\u0101kas dienas kr\u0113pes un aste nepink\u0101jas un net\u012brumi nepie\u0137eras. Viegli un \u0101tri izt\u012bra ur\u012bnu, k\u016btsm\u0113slus un z\u0101li.<\/p>\n","protected":false},"excerpt":{"rendered":"<p>Stubben Care Brush on ar ro\u017eu un za\u013co t\u0113ju padara \u0137emm\u0113\u0161anu vieglu. Rada sp\u012bdumu un apjomu. Vair\u0101kas dienas kr\u0113pes un aste nepink\u0101jas un net\u012brumi nepie\u0137eras. Viegli un \u0101tri izt\u012bra ur\u012bnu, k\u016btsm\u0113slus un z\u0101li.<\/p>\n","protected":false},"featured_media":2162,"template":"","meta":[],"product_brand":[],"product_cat":[96],"product_tag":[],"class_list":{"0":"post-2169","1":"product","2":"type-product","3":"status-publish","4":"has-post-thumbnail","6":"product_cat-detanglers-for-mane","7":"pa_aromats-kirsu","8":"pa_aromats-rose-green-tea","9":"pa_aromats-sunflower","11":"first","12":"instock","13":"taxable","14":"shipping-taxable","15":"purchasable","16":"product-type-variable"},"_links":{"self":[{"href":"https:\/\/www.zirgustallis.lv\/en\/wp-json\/wp\/v2\/product\/2169","targetHints":{"allow":["GET"]}}],"collection":[{"href":"https:\/\/www.zirgustallis.lv\/en\/wp-json\/wp\/v2\/product"}],"about":[{"href":"https:\/\/www.zirgustallis.lv\/en\/wp-json\/wp\/v2\/types\/product"}],"version-history":[{"count":1,"href":"https:\/\/www.zirgustallis.lv\/en\/wp-json\/wp\/v2\/product\/2169\/revisions"}],"predecessor-version":[{"id":51472,"href":"https:\/\/www.zirgustallis.lv\/en\/wp-json\/wp\/v2\/product\/2169\/revisions\/51472"}],"wp:featuredmedia":[{"embeddable":true,"href":"https:\/\/www.zirgustallis.lv\/en\/wp-json\/wp\/v2\/media\/2162"}],"wp:attachment":[{"href":"https:\/\/www.zirgustallis.lv\/en\/wp-json\/wp\/v2\/media?parent=2169"}],"wp:term":[{"taxonomy":"product_brand","embeddable":true,"href":"https:\/\/www.zirgustallis.lv\/en\/wp-json\/wp\/v2\/product_brand?post=2169"},{"taxonomy":"product_cat","embeddable":true,"href":"https:\/\/www.zirgustallis.lv\/en\/wp-json\/wp\/v2\/product_cat?post=2169"},{"taxonomy":"product_tag","embeddable":true,"href":"https:\/\/www.zirgustallis.lv\/en\/wp-json\/wp\/v2\/product_tag?post=2169"}],"curies":[{"name":"wp","href":"https:\/\/api.w.org\/{rel}","templated":true}]}}