{"id":2139,"date":"2024-11-08T09:56:50","date_gmt":"2024-11-08T09:56:50","guid":{"rendered":"https:\/\/zirgustallis.lv\/new\/?post_type=product&#038;p=2139"},"modified":"2026-02-11T12:25:41","modified_gmt":"2026-02-11T09:25:41","slug":"leovet-hufol","status":"publish","type":"product","link":"https:\/\/www.zirgustallis.lv\/en\/product\/leovet-hufol\/","title":{"rendered":"Leovet Hufol nagu e\u013c\u013ca"},"content":{"rendered":"<p>E\u013c\u013ca zirga nagu kop\u0161anai. Sast\u0101v\u0101 eso\u0161\u0101s augu e\u013c\u013cas no avokado, jojobas, sezama un klin\u0123er\u012bt\u0113m, mitrina un padara elast\u012bgu naga raga k\u0101rtu, padarot to iztur\u012bg\u0101ku pret s\u0113n\u012bt\u0113m un stara puves veido\u0161anos. Veicina vesel\u012bgu naga aug\u0161anu, uztur dabisko naga mitrumu un padara tos sp\u012bd\u012bgus.\u00a0 Lieto\u0161ana: Ikdienu uzkl\u0101t pl\u0101n\u0101 sl\u0101n\u012b uz naga- sienas, zoles un stara. Sast\u0101vs: klin\u0123er\u012b\u0161u e\u013c\u013ca, sezama e\u013c\u013ca, avokado e\u013c\u013ca, jojobas e\u013c\u013ca.<\/p>\n<div><\/div>\n","protected":false},"excerpt":{"rendered":"<p>E\u013c\u013ca zirga nagu kop\u0161anai. Sast\u0101v\u0101 eso\u0161\u0101s augu e\u013c\u013cas no avokado, jojobas, sezama un klin\u0123er\u012bt\u0113m, mitrina un padara elast\u012bgu naga raga k\u0101rtu, padarot to iztur\u012bg\u0101ku pret s\u0113n\u012bt\u0113m un stara puves veido\u0161anos. Veicina vesel\u012bgu naga aug\u0161anu, uztur dabisko naga mitrumu un padara tos sp\u012bd\u012bgus.\u00a0 Lieto\u0161ana: Ikdienu uzkl\u0101t pl\u0101n\u0101 sl\u0101n\u012b uz naga- sienas, zoles un stara. Sast\u0101vs: klin\u0123er\u012b\u0161u [&hellip;]<\/p>\n","protected":false},"featured_media":2136,"template":"","meta":[],"product_brand":[],"product_cat":[100],"product_tag":[],"class_list":{"0":"post-2139","1":"product","2":"type-product","3":"status-publish","4":"has-post-thumbnail","6":"product_cat-hoof-care","8":"first","9":"instock","10":"taxable","11":"shipping-taxable","12":"purchasable","13":"product-type-simple"},"_links":{"self":[{"href":"https:\/\/www.zirgustallis.lv\/en\/wp-json\/wp\/v2\/product\/2139","targetHints":{"allow":["GET"]}}],"collection":[{"href":"https:\/\/www.zirgustallis.lv\/en\/wp-json\/wp\/v2\/product"}],"about":[{"href":"https:\/\/www.zirgustallis.lv\/en\/wp-json\/wp\/v2\/types\/product"}],"version-history":[{"count":1,"href":"https:\/\/www.zirgustallis.lv\/en\/wp-json\/wp\/v2\/product\/2139\/revisions"}],"predecessor-version":[{"id":55593,"href":"https:\/\/www.zirgustallis.lv\/en\/wp-json\/wp\/v2\/product\/2139\/revisions\/55593"}],"wp:featuredmedia":[{"embeddable":true,"href":"https:\/\/www.zirgustallis.lv\/en\/wp-json\/wp\/v2\/media\/2136"}],"wp:attachment":[{"href":"https:\/\/www.zirgustallis.lv\/en\/wp-json\/wp\/v2\/media?parent=2139"}],"wp:term":[{"taxonomy":"product_brand","embeddable":true,"href":"https:\/\/www.zirgustallis.lv\/en\/wp-json\/wp\/v2\/product_brand?post=2139"},{"taxonomy":"product_cat","embeddable":true,"href":"https:\/\/www.zirgustallis.lv\/en\/wp-json\/wp\/v2\/product_cat?post=2139"},{"taxonomy":"product_tag","embeddable":true,"href":"https:\/\/www.zirgustallis.lv\/en\/wp-json\/wp\/v2\/product_tag?post=2139"}],"curies":[{"name":"wp","href":"https:\/\/api.w.org\/{rel}","templated":true}]}}