{"id":1948,"date":"2017-02-09T15:13:35","date_gmt":"2017-02-09T15:13:35","guid":{"rendered":"https:\/\/zirgustallis.lv\/new\/product\/br-sacensibu-krekls-vienna-671042-2\/"},"modified":"2017-02-09T15:13:35","modified_gmt":"2017-02-09T15:13:35","slug":"br-sacensibu-krekls-vienna-671042-2","status":"publish","type":"product","link":"https:\/\/www.zirgustallis.lv\/en\/product\/br-sacensibu-krekls-vienna-671042-2\/","title":{"rendered":"BR Vienna sacens\u012bbu krekls"},"content":{"rendered":"<p>Sacens\u012bbu krekls ar \u012bs\u0101m piedurkn\u0113m ar nosl\u0113gtu r\u0101v\u0113jsl\u0113dz\u0113ju zem apkakl\u012btes.Uz apkakl\u012btes BR logo no dimantu imit\u0101cijas krist\u0101liem. Apkakl\u012btei velkro aizdare. Materi\u0101ls: Poliesteris. Mitrumu regul\u0113jo\u0161s, \u0101tri \u017e\u016bsto\u0161s un elpojo\u0161s.<\/p>\n","protected":false},"excerpt":{"rendered":"<p>Sacens\u012bbu krekls ar \u012bs\u0101m piedurkn\u0113m ar nosl\u0113gtu r\u0101v\u0113jsl\u0113dz\u0113ju zem apkakl\u012btes.Uz apkakl\u012btes BR logo no dimantu imit\u0101cijas krist\u0101liem. Apkakl\u012btei velkro aizdare. Materi\u0101ls: Poliesteris. Mitrumu regul\u0113jo\u0161s, \u0101tri \u017e\u016bsto\u0161s un elpojo\u0161s.<\/p>\n","protected":false},"featured_media":1942,"template":"","meta":[],"product_brand":[],"product_cat":[235,75],"product_tag":[],"class_list":{"0":"post-1948","1":"product","2":"type-product","3":"status-publish","4":"has-post-thumbnail","6":"product_cat-for-competition","7":"product_cat-bluzes-un-krekli-2","8":"pa_izmers-xl-en","10":"first","11":"instock","12":"sale","13":"taxable","14":"shipping-taxable","15":"purchasable","16":"product-type-variable"},"_links":{"self":[{"href":"https:\/\/www.zirgustallis.lv\/en\/wp-json\/wp\/v2\/product\/1948","targetHints":{"allow":["GET"]}}],"collection":[{"href":"https:\/\/www.zirgustallis.lv\/en\/wp-json\/wp\/v2\/product"}],"about":[{"href":"https:\/\/www.zirgustallis.lv\/en\/wp-json\/wp\/v2\/types\/product"}],"version-history":[{"count":0,"href":"https:\/\/www.zirgustallis.lv\/en\/wp-json\/wp\/v2\/product\/1948\/revisions"}],"wp:featuredmedia":[{"embeddable":true,"href":"https:\/\/www.zirgustallis.lv\/en\/wp-json\/wp\/v2\/media\/1942"}],"wp:attachment":[{"href":"https:\/\/www.zirgustallis.lv\/en\/wp-json\/wp\/v2\/media?parent=1948"}],"wp:term":[{"taxonomy":"product_brand","embeddable":true,"href":"https:\/\/www.zirgustallis.lv\/en\/wp-json\/wp\/v2\/product_brand?post=1948"},{"taxonomy":"product_cat","embeddable":true,"href":"https:\/\/www.zirgustallis.lv\/en\/wp-json\/wp\/v2\/product_cat?post=1948"},{"taxonomy":"product_tag","embeddable":true,"href":"https:\/\/www.zirgustallis.lv\/en\/wp-json\/wp\/v2\/product_tag?post=1948"}],"curies":[{"name":"wp","href":"https:\/\/api.w.org\/{rel}","templated":true}]}}