{"id":1298,"date":"2016-11-11T14:00:34","date_gmt":"2016-11-11T14:00:34","guid":{"rendered":"https:\/\/zirgustallis.lv\/new\/product\/hkm-bernu-bridzas-2\/"},"modified":"2016-11-11T14:00:34","modified_gmt":"2016-11-11T14:00:34","slug":"hkm-bernu-bridzas-2","status":"publish","type":"product","link":"https:\/\/www.zirgustallis.lv\/en\/product\/hkm-bernu-bridzas-2\/","title":{"rendered":"Unna b\u0113rnu Ziemas virsbikses"},"content":{"rendered":"<p>Unna b\u0113rnu Ziemas virsbikses. \u016adeni atrgr\u016bdo\u0161as, v\u0113ja necaurlaid\u012bgas, atstarojo\u0161\u0101s lentas papildus dro\u0161\u012bbai. Sast\u0101vs: 100% neilons, poliestera odere.<\/p>\n","protected":false},"excerpt":{"rendered":"<p>Unna b\u0113rnu Ziemas virsbikses. \u016adeni atrgr\u016bdo\u0161as, v\u0113ja necaurlaid\u012bgas, atstarojo\u0161\u0101s lentas papildus dro\u0161\u012bbai. Sast\u0101vs: 100% neilons, poliestera odere.<\/p>\n","protected":false},"featured_media":1294,"template":"","meta":[],"product_brand":[],"product_cat":[227],"product_tag":[],"class_list":{"0":"post-1298","1":"product","2":"type-product","3":"status-publish","4":"has-post-thumbnail","6":"product_cat-breeches","7":"pa_apgerbaizmers-98-en","9":"first","10":"instock","11":"taxable","12":"shipping-taxable","13":"purchasable","14":"product-type-variable"},"_links":{"self":[{"href":"https:\/\/www.zirgustallis.lv\/en\/wp-json\/wp\/v2\/product\/1298","targetHints":{"allow":["GET"]}}],"collection":[{"href":"https:\/\/www.zirgustallis.lv\/en\/wp-json\/wp\/v2\/product"}],"about":[{"href":"https:\/\/www.zirgustallis.lv\/en\/wp-json\/wp\/v2\/types\/product"}],"version-history":[{"count":0,"href":"https:\/\/www.zirgustallis.lv\/en\/wp-json\/wp\/v2\/product\/1298\/revisions"}],"wp:featuredmedia":[{"embeddable":true,"href":"https:\/\/www.zirgustallis.lv\/en\/wp-json\/wp\/v2\/media\/1294"}],"wp:attachment":[{"href":"https:\/\/www.zirgustallis.lv\/en\/wp-json\/wp\/v2\/media?parent=1298"}],"wp:term":[{"taxonomy":"product_brand","embeddable":true,"href":"https:\/\/www.zirgustallis.lv\/en\/wp-json\/wp\/v2\/product_brand?post=1298"},{"taxonomy":"product_cat","embeddable":true,"href":"https:\/\/www.zirgustallis.lv\/en\/wp-json\/wp\/v2\/product_cat?post=1298"},{"taxonomy":"product_tag","embeddable":true,"href":"https:\/\/www.zirgustallis.lv\/en\/wp-json\/wp\/v2\/product_tag?post=1298"}],"curies":[{"name":"wp","href":"https:\/\/api.w.org\/{rel}","templated":true}]}}