{"id":12797,"date":"2022-08-30T13:38:27","date_gmt":"2022-08-30T13:38:27","guid":{"rendered":"https:\/\/zirgustallis.lv\/new\/product\/br-viriesu-bridzas-maikel-2\/"},"modified":"2022-08-30T13:38:27","modified_gmt":"2022-08-30T13:38:27","slug":"br-viriesu-bridzas-maikel-2","status":"publish","type":"product","link":"https:\/\/www.zirgustallis.lv\/en\/product\/br-viriesu-bridzas-maikel-2\/","title":{"rendered":"BR v\u012brie\u0161u brid\u017eas Maikel"},"content":{"rendered":"<p><\/p>\n","protected":false},"excerpt":{"rendered":"","protected":false},"featured_media":12787,"template":"","meta":[],"product_brand":[],"product_cat":[65],"product_tag":[],"class_list":{"0":"post-12797","1":"product","2":"type-product","3":"status-publish","4":"has-post-thumbnail","6":"product_cat-viriesu-bridzas-2","7":"pa_krasaizmers-black-50","8":"pa_krasaizmers-black-52","9":"pa_krasaizmers-black-54","10":"pa_krasaizmers-gray-44","11":"pa_krasaizmers-gray-52","13":"first","14":"onbackorder","15":"taxable","16":"shipping-taxable","17":"purchasable","18":"product-type-variable"},"_links":{"self":[{"href":"https:\/\/www.zirgustallis.lv\/en\/wp-json\/wp\/v2\/product\/12797","targetHints":{"allow":["GET"]}}],"collection":[{"href":"https:\/\/www.zirgustallis.lv\/en\/wp-json\/wp\/v2\/product"}],"about":[{"href":"https:\/\/www.zirgustallis.lv\/en\/wp-json\/wp\/v2\/types\/product"}],"version-history":[{"count":0,"href":"https:\/\/www.zirgustallis.lv\/en\/wp-json\/wp\/v2\/product\/12797\/revisions"}],"wp:featuredmedia":[{"embeddable":true,"href":"https:\/\/www.zirgustallis.lv\/en\/wp-json\/wp\/v2\/media\/12787"}],"wp:attachment":[{"href":"https:\/\/www.zirgustallis.lv\/en\/wp-json\/wp\/v2\/media?parent=12797"}],"wp:term":[{"taxonomy":"product_brand","embeddable":true,"href":"https:\/\/www.zirgustallis.lv\/en\/wp-json\/wp\/v2\/product_brand?post=12797"},{"taxonomy":"product_cat","embeddable":true,"href":"https:\/\/www.zirgustallis.lv\/en\/wp-json\/wp\/v2\/product_cat?post=12797"},{"taxonomy":"product_tag","embeddable":true,"href":"https:\/\/www.zirgustallis.lv\/en\/wp-json\/wp\/v2\/product_tag?post=12797"}],"curies":[{"name":"wp","href":"https:\/\/api.w.org\/{rel}","templated":true}]}}