{"id":1115,"date":"2016-09-21T13:27:48","date_gmt":"2016-09-21T13:27:48","guid":{"rendered":"https:\/\/zirgustallis.lv\/new\/product\/br-berlin-sacensibu-krekls-545-2\/"},"modified":"2016-09-21T13:27:48","modified_gmt":"2016-09-21T13:27:48","slug":"br-berlin-sacensibu-krekls-545-2","status":"publish","type":"product","link":"https:\/\/www.zirgustallis.lv\/en\/product\/br-berlin-sacensibu-krekls-545-2\/","title":{"rendered":"BR Berlin"},"content":{"rendered":"<p><span style=\"color: rgb(26, 23, 27); font-family: Arial, Helvetica, sans-serif;\">Moderns sacens\u012bbu krekli\u0146\u0161 b\u0113rniem un jaunie\u0161iem ar \u012bs\u0101m piedurkn\u0113m. Priek\u0161pus\u0113 ar m\u0101ksl\u012bgajiem akmenti\u0146iem dekor\u0113ts r\u0101v\u0113jsl\u0113dz\u0113js. Elast\u012bgs, \u0113rts. Materi\u0101ls: 92% poliesteris, 8% elast\u0101ns.&nbsp;<\/span><br style=\"color: rgb(26, 23, 27); font-family: Arial, Helvetica, sans-serif;\"><\/p>\n","protected":false},"excerpt":{"rendered":"<p>Moderns sacens\u012bbu krekli\u0146\u0161 b\u0113rniem un jaunie\u0161iem ar \u012bs\u0101m piedurkn\u0113m. Priek\u0161pus\u0113 ar m\u0101ksl\u012bgajiem akmenti\u0146iem dekor\u0113ts r\u0101v\u0113jsl\u0113dz\u0113js. Elast\u012bgs, \u0113rts. Materi\u0101ls: 92% poliesteris, 8% elast\u0101ns.&nbsp;<\/p>\n","protected":false},"featured_media":1110,"template":"","meta":[],"product_brand":[],"product_cat":[193],"product_tag":[],"class_list":{"0":"post-1115","1":"product","2":"type-product","3":"status-publish","4":"has-post-thumbnail","6":"product_cat-kids-show-shirts","7":"pa_izmers-128cm-en","8":"pa_izmers-152cm-en","10":"first","11":"instock","12":"taxable","13":"shipping-taxable","14":"purchasable","15":"product-type-variable"},"_links":{"self":[{"href":"https:\/\/www.zirgustallis.lv\/en\/wp-json\/wp\/v2\/product\/1115","targetHints":{"allow":["GET"]}}],"collection":[{"href":"https:\/\/www.zirgustallis.lv\/en\/wp-json\/wp\/v2\/product"}],"about":[{"href":"https:\/\/www.zirgustallis.lv\/en\/wp-json\/wp\/v2\/types\/product"}],"version-history":[{"count":0,"href":"https:\/\/www.zirgustallis.lv\/en\/wp-json\/wp\/v2\/product\/1115\/revisions"}],"wp:featuredmedia":[{"embeddable":true,"href":"https:\/\/www.zirgustallis.lv\/en\/wp-json\/wp\/v2\/media\/1110"}],"wp:attachment":[{"href":"https:\/\/www.zirgustallis.lv\/en\/wp-json\/wp\/v2\/media?parent=1115"}],"wp:term":[{"taxonomy":"product_brand","embeddable":true,"href":"https:\/\/www.zirgustallis.lv\/en\/wp-json\/wp\/v2\/product_brand?post=1115"},{"taxonomy":"product_cat","embeddable":true,"href":"https:\/\/www.zirgustallis.lv\/en\/wp-json\/wp\/v2\/product_cat?post=1115"},{"taxonomy":"product_tag","embeddable":true,"href":"https:\/\/www.zirgustallis.lv\/en\/wp-json\/wp\/v2\/product_tag?post=1115"}],"curies":[{"name":"wp","href":"https:\/\/api.w.org\/{rel}","templated":true}]}}