{"id":10954,"date":"2026-04-30T11:48:47","date_gmt":"2026-04-30T08:48:47","guid":{"rendered":"https:\/\/zirgustallis.lv\/new\/?post_type=product&#038;p=10954"},"modified":"2026-04-30T11:48:49","modified_gmt":"2026-04-30T08:48:49","slug":"premiere-musu-sega-ar-kaklu","status":"publish","type":"product","link":"https:\/\/www.zirgustallis.lv\/en\/product\/premiere-musu-sega-ar-kaklu\/","title":{"rendered":"Premiere mu\u0161u sega ar kaklu"},"content":{"rendered":"<p>\u2022 No\u0146emama kakla da\u013ca ar Velcro aizdari un trim elast\u012bg\u0101m stiprin\u0101juma siksn\u0101m ar \u0101tri atvienojamiem klip\u0161iem<\/p>\n<p>\u2022 Elast\u012bga siksna ar Velcro maskas piestiprin\u0101\u0161anai<\/p>\n<p>\u2022 Dubult\u0101 \u0161uve aizmugur\u0113 \/ divas regul\u0113jamas priek\u0161\u0113j\u0101s siksnas<\/p>\n<p>\u2022 Plecu ieloces \/ apa\u013c\u0161 astes atloks<\/p>\n<p>\u2022 Regul\u0113jamas \u0161\u0137\u0113rssiksnas<\/p>\n<p>\u2022 Regul\u0113jamas, no\u0146emamas, elast\u012bgas k\u0101ju siksnas<\/p>\n","protected":false},"excerpt":{"rendered":"<p>\u2022 No\u0146emama kakla da\u013ca ar Velcro aizdari un trim elast\u012bg\u0101m stiprin\u0101juma siksn\u0101m ar \u0101tri atvienojamiem klip\u0161iem \u2022 Elast\u012bga siksna ar Velcro maskas piestiprin\u0101\u0161anai \u2022 Dubult\u0101 \u0161uve aizmugur\u0113 \/ divas regul\u0113jamas priek\u0161\u0113j\u0101s siksnas \u2022 Plecu ieloces \/ apa\u013c\u0161 astes atloks \u2022 Regul\u0113jamas \u0161\u0137\u0113rssiksnas \u2022 Regul\u0113jamas, no\u0146emamas, elast\u012bgas k\u0101ju siksnas<\/p>\n","protected":false},"featured_media":10952,"template":"","meta":[],"product_brand":[],"product_cat":[48],"product_tag":[2324],"class_list":{"0":"post-10954","1":"product","2":"type-product","3":"status-publish","4":"has-post-thumbnail","6":"product_cat-segas-pret-insektiem","7":"product_tag-premiere-musu-sega-basic-taupe","8":"pa_izmers-110cm","9":"pa_izmers-145cm","10":"pa_izmers-155cm","11":"pa_izmers-165cm","13":"first","14":"instock","15":"taxable","16":"shipping-taxable","17":"purchasable","18":"product-type-variable"},"_links":{"self":[{"href":"https:\/\/www.zirgustallis.lv\/en\/wp-json\/wp\/v2\/product\/10954","targetHints":{"allow":["GET"]}}],"collection":[{"href":"https:\/\/www.zirgustallis.lv\/en\/wp-json\/wp\/v2\/product"}],"about":[{"href":"https:\/\/www.zirgustallis.lv\/en\/wp-json\/wp\/v2\/types\/product"}],"version-history":[{"count":1,"href":"https:\/\/www.zirgustallis.lv\/en\/wp-json\/wp\/v2\/product\/10954\/revisions"}],"predecessor-version":[{"id":59024,"href":"https:\/\/www.zirgustallis.lv\/en\/wp-json\/wp\/v2\/product\/10954\/revisions\/59024"}],"wp:featuredmedia":[{"embeddable":true,"href":"https:\/\/www.zirgustallis.lv\/en\/wp-json\/wp\/v2\/media\/10952"}],"wp:attachment":[{"href":"https:\/\/www.zirgustallis.lv\/en\/wp-json\/wp\/v2\/media?parent=10954"}],"wp:term":[{"taxonomy":"product_brand","embeddable":true,"href":"https:\/\/www.zirgustallis.lv\/en\/wp-json\/wp\/v2\/product_brand?post=10954"},{"taxonomy":"product_cat","embeddable":true,"href":"https:\/\/www.zirgustallis.lv\/en\/wp-json\/wp\/v2\/product_cat?post=10954"},{"taxonomy":"product_tag","embeddable":true,"href":"https:\/\/www.zirgustallis.lv\/en\/wp-json\/wp\/v2\/product_tag?post=10954"}],"curies":[{"name":"wp","href":"https:\/\/api.w.org\/{rel}","templated":true}]}}