{"id":1082,"date":"2016-09-20T19:27:45","date_gmt":"2016-09-20T19:27:45","guid":{"rendered":"https:\/\/zirgustallis.lv\/new\/product\/br-piesu-siksnas-2\/"},"modified":"2016-09-20T19:27:45","modified_gmt":"2016-09-20T19:27:45","slug":"br-piesu-siksnas-2","status":"publish","type":"product","link":"https:\/\/www.zirgustallis.lv\/en\/product\/br-piesu-siksnas-2\/","title":{"rendered":"BR pie\u0161u siksnas"},"content":{"rendered":"<p><span style=\"color: rgb(26, 23, 27); font-family: Arial, Helvetica, sans-serif;\">Neilona pie\u0161u siksnas ar cinkot\u0101m spr\u0101dz\u012bt\u0113m. (P\u0101ris.)<\/span><br style=\"color: rgb(26, 23, 27); font-family: Arial, Helvetica, sans-serif;\"><\/p>\n","protected":false},"excerpt":{"rendered":"<p>Neilona pie\u0161u siksnas ar cinkot\u0101m spr\u0101dz\u012bt\u0113m. (P\u0101ris.)<\/p>\n","protected":false},"featured_media":1078,"template":"","meta":[],"product_brand":[],"product_cat":[377],"product_tag":[],"class_list":{"0":"post-1082","1":"product","2":"type-product","3":"status-publish","4":"has-post-thumbnail","6":"product_cat-piesi-un-siksninas-jatniekam-2","7":"pa_krasa-brown","9":"first","10":"instock","11":"taxable","12":"shipping-taxable","13":"purchasable","14":"product-type-variable"},"_links":{"self":[{"href":"https:\/\/www.zirgustallis.lv\/en\/wp-json\/wp\/v2\/product\/1082","targetHints":{"allow":["GET"]}}],"collection":[{"href":"https:\/\/www.zirgustallis.lv\/en\/wp-json\/wp\/v2\/product"}],"about":[{"href":"https:\/\/www.zirgustallis.lv\/en\/wp-json\/wp\/v2\/types\/product"}],"version-history":[{"count":0,"href":"https:\/\/www.zirgustallis.lv\/en\/wp-json\/wp\/v2\/product\/1082\/revisions"}],"wp:featuredmedia":[{"embeddable":true,"href":"https:\/\/www.zirgustallis.lv\/en\/wp-json\/wp\/v2\/media\/1078"}],"wp:attachment":[{"href":"https:\/\/www.zirgustallis.lv\/en\/wp-json\/wp\/v2\/media?parent=1082"}],"wp:term":[{"taxonomy":"product_brand","embeddable":true,"href":"https:\/\/www.zirgustallis.lv\/en\/wp-json\/wp\/v2\/product_brand?post=1082"},{"taxonomy":"product_cat","embeddable":true,"href":"https:\/\/www.zirgustallis.lv\/en\/wp-json\/wp\/v2\/product_cat?post=1082"},{"taxonomy":"product_tag","embeddable":true,"href":"https:\/\/www.zirgustallis.lv\/en\/wp-json\/wp\/v2\/product_tag?post=1082"}],"curies":[{"name":"wp","href":"https:\/\/api.w.org\/{rel}","templated":true}]}}